{"id":2397,"date":"2025-08-19T06:16:46","date_gmt":"2025-08-19T06:16:46","guid":{"rendered":"https:\/\/lordbcsr.com\/?page_id=2397"},"modified":"2025-08-20T06:58:14","modified_gmt":"2025-08-20T06:58:14","slug":"pressmeddelelse-15-august-2025","status":"publish","type":"page","link":"https:\/\/lordbcsr.com\/?page_id=2397","title":{"rendered":"PRESSMEDDELELSE 15. AUGUST 2025"},"content":{"rendered":"\n<h1 class=\"wp-block-heading\"><strong>Rigsrevisionen, FN og Europar\u00e5det advarer: Danmark kr\u00e6nker rettighederne for personer med handicap<\/strong><\/h1>\n\n\n\n<h2 class=\"wp-block-heading\">Alvorlig krise i psykiatri og retspsykiatri afd\u00e6kket \u2013 tvang og ulovligheder kr\u00e6ver \u00f8jeblikkelig handling<\/h2>\n\n\n\n<p>J Consult, en aarhusiansk juridisk proceskonsulentvirksomhed, offentligg\u00f8r en analyse baseret p\u00e5 nylig dokumentation, herunder <a href=\"https:\/\/www.altinget.dk\/social\/artikel\/eu-kommission-genopliver-droppet-handicaplov-og-bekraefter-stoetten-til-haestorps-bestraebelser-paa-at-lande-en-aftale\" target=\"_blank\" rel=\"noreferrer noopener\">direktiv for ligebehandling<\/a> , der blev droppet i EU-Kommissionens arbejdsprogram i februar men igen prioriteret, Rigsrevisionens notat fra <a href=\"https:\/\/www.rigsrevisionen.dk\/nyheder\/2025\/maj\/notat-til-statsrevisorerne-5\" target=\"_blank\" rel=\"noreferrer noopener\">2025 om &#8220;vask&#8221; af Politiets sager<\/a> , samt beretninger 2021 og 2022 om retspsykiatriske patienters forl\u00f8b og handicapomr\u00e5dets forvaltning, Europar\u00e5dets anbefaling om deinstitutionalisering fra 2022 samt Institut for Menneskerettigheders Parallel Rapport til FN&#8217;sCRPD-Komit\u00e9 fra 2024.<\/p>\n\n\n\n<p>Denne analyse afsl\u00f8rer en vedvarende krise inden for det specialiserede omr\u00e5de psykiatri og retspsykiatri, hvor internationale klager over tvungen psykiatrisk behandling, som illustreret i &#8220;Jurisprudence Highlights 2024&#8221;, peger p\u00e5 medlemsstaten Danmarks systemiske kr\u00e6nkelser af CRPD art. 12, 14, 15, 19, 25. Alt nyt er gammelt og seneste Rigsretssag, St\u00f8jbergs instrukssag samt <em>Tvindsagens<\/em> d\u00e5rlige vaner fra 1999 afspejler progressive lovgiveres fortsatte udhuling af retssikkerheden for disse tilf\u00e6ldegrupper, trods 2025-initiativer som regeringens 10-\u00e5rsplan for psykiatrien og Ombudsmandens unders\u00f8gelser skulle forebygge.<\/p>\n\n\n\n<p>Juridisk proceskonsulent Hans-Henrik Juhl <a href=\"https:\/\/x.com\/@lordBCSR\" target=\"_blank\" rel=\"noreferrer noopener\">@lordBCSR<\/a> har sammen med Landsformand for Patientforeningen Niels J\u00f8rgen Langkilde <a href=\"https:\/\/x.com\/@j_langkilde\" target=\"_blank\" rel=\"noreferrer noopener\">@j_langkilde<\/a> overfor Folketingets udvalg dokumenteret, hvordan tvangspraksis, juridisk modstand, utilb\u00f8rlige GDPR-kr\u00e6nkelser, Grundlovsbrud og manglende lovgennemsigtighed rammer personer med psykosocialt handicap. S\u00e6rligt tilsides\u00e6ttes grundlovssikrede frihedsrettigheder, herunder retten til personlig frihed og lighed for loven, n\u00e5r myndigheder anvender tvang uden tilstr\u00e6kkelig lovhjemmel eller gennemsigtighed, hvilket undergraver legalitetsprincippet i Grundloven. Kommuner lever ikke op til serviceloven i 2025, og Ankestyrelsen omgjorde over en tredjedel af klagerne fra 2013-2021, hvilket vidner om systematiske fejl i sagsbehandlingen. Rigsrevisionen kritiserer desuden Social- og \u00c6ldreministeriets manglende tilsyn, selv efter en finansiering p\u00e5 337 millioner kroner til psykiatrien i juni 2025, hvor tr\u00e6ge processer og lange, uvillige forvaltningsretlige forl\u00f8b, fortsat pr\u00e6ger systemet og forv\u00e6rrer kr\u00e6nkelser af borgernes rettigheder.<\/p>\n\n\n\n<p><strong>Fra Tvind til Psykiatrien:<\/strong> Tvindsagen, hvor en lov blev kendt grundlovsstridig i 1999 p\u00e5 grund af endelighedsbestemmelsesinstruks om frav\u00e6r af domstolspr\u00f8velse, gentager sig i b\u00e5de psykiatrien og retspsykiatrien. Rigsrevisionen p\u00e5viser manglende overholdelse af serviceloven, og Parallel Rapporten fra Institut for Menneskerettigheder dokumenterer frihedsber\u00f8velser uden fuld retlig kontrol, hvilket kr\u00e6nker EMRK art. 5, 6 og CRPD art. 14, b\u00e5de i Danmark og Gr\u00f8nland, hvor deinstitutionalisering stadig mangler trods Europar\u00e5dets mange\u00e5rige udsigtsl\u00f8se anbefalinger til den dysfunktionelle medlemsstat.<\/p>\n\n\n\n<figure class=\"wp-block-image size-large\"><a href=\"https:\/\/lordbcsr.com\/wp-content\/uploads\/2025\/08\/TVINDSAGEN_DK.jpeg\"><img loading=\"lazy\" decoding=\"async\" width=\"1024\" height=\"817\" src=\"https:\/\/lordbcsr.com\/wp-content\/uploads\/2025\/08\/TVINDSAGEN_DK-1024x817.jpeg\" alt=\"\" class=\"wp-image-2400\" srcset=\"https:\/\/lordbcsr.com\/wp-content\/uploads\/2025\/08\/TVINDSAGEN_DK-1024x817.jpeg 1024w, https:\/\/lordbcsr.com\/wp-content\/uploads\/2025\/08\/TVINDSAGEN_DK-300x239.jpeg 300w, https:\/\/lordbcsr.com\/wp-content\/uploads\/2025\/08\/TVINDSAGEN_DK-768x612.jpeg 768w, https:\/\/lordbcsr.com\/wp-content\/uploads\/2025\/08\/TVINDSAGEN_DK-1536x1225.jpeg 1536w, https:\/\/lordbcsr.com\/wp-content\/uploads\/2025\/08\/TVINDSAGEN_DK-2048x1633.jpeg 2048w\" sizes=\"auto, (max-width: 706px) 89vw, (max-width: 767px) 82vw, 740px\" \/><\/a><figcaption class=\"wp-element-caption\">Uddrag Tvindsagen U 1999 B 333<\/figcaption><\/figure>\n\n\n\n<p><strong>FN-Rapporteur: Psykiatrien i Moralsk Krise <\/strong>FN-rapporteuren beskriver psykiatrien som v\u00e6rende i en moralsk krise, hvilket understreger behovet for \u00f8jeblikkelige <a href=\"https:\/\/papers.ssrn.com\/sol3\/papers.cfm?abstract_id=3491181\" target=\"_blank\" rel=\"noreferrer noopener\">reformer<\/a>. Her normaliseres tvang trods evidens om myndighedernes \u00e5benbare profilering og skade fra dokumenterede <a href=\"https:\/\/x.com\/wideawake_media\/status\/1880232716676759947\" target=\"_blank\" rel=\"noreferrer noopener\">eugeniske tvangsterapier.<\/a> CRPD-krav om informeret samtykke fra patient og n\u00e6re p\u00e5r\u00f8rende til tvungne medicinske terapier ignoreres, selvom den nuv\u00e6rende 2025-regering har bekr\u00e6ftet compliance. Samtidig overses EMRK art. 3, 5, 6 og 8 rutinem\u00e6ssigt.<\/p>\n\n\n\n<p>Justitsministeriets kortl\u00e6gning over problemerne og Rigsrevisionens rapporter fra 2021 samt relaterede opf\u00f8lgninger i 2025 bekr\u00e6fter tr\u00e6ge mentalunders\u00f8gelser og omkring 10-13% tvangsplaceringer uden tilstr\u00e6kkelig lovhjemmel eller fuld dokumentation i sagens sammenh\u00e6ng.<\/p>\n\n\n\n<figure class=\"wp-block-image size-full\"><a href=\"https:\/\/lordbcsr.com\/wp-content\/uploads\/2025\/08\/The-hessitant-European-by-Dr.-Jur-Marlene-Wind.jpeg\"><img loading=\"lazy\" decoding=\"async\" width=\"900\" height=\"568\" src=\"https:\/\/lordbcsr.com\/wp-content\/uploads\/2025\/08\/The-hessitant-European-by-Dr.-Jur-Marlene-Wind.jpeg\" alt=\"\" class=\"wp-image-2401\" srcset=\"https:\/\/lordbcsr.com\/wp-content\/uploads\/2025\/08\/The-hessitant-European-by-Dr.-Jur-Marlene-Wind.jpeg 900w, https:\/\/lordbcsr.com\/wp-content\/uploads\/2025\/08\/The-hessitant-European-by-Dr.-Jur-Marlene-Wind-300x189.jpeg 300w, https:\/\/lordbcsr.com\/wp-content\/uploads\/2025\/08\/The-hessitant-European-by-Dr.-Jur-Marlene-Wind-768x485.jpeg 768w\" sizes=\"auto, (max-width: 706px) 89vw, (max-width: 767px) 82vw, 740px\" \/><\/a><figcaption class=\"wp-element-caption\">Peer Reviewed Paper &#8220;The hessitant European&#8221; by Dr. Jur Marlene Wind <a href=\"https:\/\/www.researchgate.net\/profile\/Marlene-Wind-2\" target=\"_blank\" rel=\"noreferrer noopener\">https:\/\/www.researchgate.net\/profile\/Marlene-Wind-2<\/a><\/figcaption><\/figure>\n\n\n\n<p>Lovgivningen har haft en uheldig udvikling da den reelle lovgivnings fortolkning flyttes til skjulte bem\u00e6rkninger, hvilket kr\u00e6nker EMRK art. 7, og Ankestyrelsens principafg\u00f8relse viser begr\u00e6nset klageret (&#8220;effet utile&#8221; princippet tilsidesat), mens psykiatriloven \u00a7 5.1, 5.2, 10, 37 anvender vage kriterier. Retsplejeloven \u00a7\u00a7 469, 470 giver ret til svag analog \u2013 ikke intensiv fortolket domstolspr\u00f8velse af formelle fejl under patientens tvangsindl\u00e6ggelse. Opretholdt frihedsber\u00f8velse p\u00e5 hospitalet og tvangsmedicinering varetages af den biased og st\u00e6rkt ideologisk politiske &#8220;special domstol&#8221; Det Psykiatriske Patientklagen\u00e6vn.<\/p>\n\n\n\n<figure class=\"wp-block-gallery has-nested-images columns-default is-cropped wp-block-gallery-1 is-layout-flex wp-block-gallery-is-layout-flex\">\n<figure class=\"wp-block-image size-large\"><a href=\"https:\/\/lordbcsr.com\/wp-content\/uploads\/2025\/08\/NAR-EMBEDSMAEND-LOVGIVER.jpeg\"><img loading=\"lazy\" decoding=\"async\" width=\"700\" height=\"533\" data-id=\"2402\" src=\"https:\/\/lordbcsr.com\/wp-content\/uploads\/2025\/08\/NAR-EMBEDSMAEND-LOVGIVER.jpeg\" alt=\"\" class=\"wp-image-2402\" srcset=\"https:\/\/lordbcsr.com\/wp-content\/uploads\/2025\/08\/NAR-EMBEDSMAEND-LOVGIVER.jpeg 700w, https:\/\/lordbcsr.com\/wp-content\/uploads\/2025\/08\/NAR-EMBEDSMAEND-LOVGIVER-300x228.jpeg 300w\" sizes=\"auto, (max-width: 700px) 100vw, 700px\" \/><\/a><figcaption class=\"wp-element-caption\">U.2020B.211 Professor i forvaltningsret, Michael G\u00f8tze Boganmeldelse:<br>N\u00c5R EMBEDSM\u00c6ND LOVGIVER<\/figcaption><\/figure>\n<\/figure>\n\n\n\n<p>Den frihedsber\u00f8vede percepteret med l\u00e6gefaglig diag\/prognose om &#8220;usundt sind&#8221;, kan ikke i EU medlemsstaten Dannmark opn\u00e5 intensiv legalitets domstolspr\u00f8velse af GDPR-forl\u00f8bet under dansk politis systematiserede ulovlige politiforretninger (habitus). Dette strider mod Grundlovens \u00a7\u00a7\u00a7\u00a7 3, stk. 3 tredje pkt, 61, 71 stk. 2, 71 stk. 6, som Justitsministeriets oversendelsesbrev af 1. maj 2025 i \u00f8vrigt eksplicit indr\u00f8mmer mangler sammenh\u00e6ng i.<\/p>\n\n\n\n<figure class=\"wp-block-image size-full\"><a href=\"https:\/\/lordbcsr.com\/wp-content\/uploads\/2025\/08\/justitsministeriet-illustration-1.jpeg\"><img loading=\"lazy\" decoding=\"async\" width=\"730\" height=\"1024\" src=\"https:\/\/lordbcsr.com\/wp-content\/uploads\/2025\/08\/justitsministeriet-illustration-1.jpeg\" alt=\"\" class=\"wp-image-2423\" srcset=\"https:\/\/lordbcsr.com\/wp-content\/uploads\/2025\/08\/justitsministeriet-illustration-1.jpeg 730w, https:\/\/lordbcsr.com\/wp-content\/uploads\/2025\/08\/justitsministeriet-illustration-1-214x300.jpeg 214w\" sizes=\"auto, (max-width: 730px) 100vw, 730px\" \/><\/a><\/figure>\n\n\n\n<p class=\"has-text-align-left\"><strong>Ulovlige Politiforretninger Skaber Dyre Udgifter <\/strong>Rigsrevisionens og Institut for Menneskerettigheders Parallelrapport 2024 afsl\u00f8rer, at dansk politi gennem ulovlige politiforretninger under retsplejelovens \u00a7 470, stk. 1 aktivt bidrager til de astronomiske udgifter og kaotiske forhold inden for det specialiserede handicapomr\u00e5de. Ved at skjule afg\u00f8rende bem\u00e6rkninger i retsplejeloven unddrages politiet ansvar \u2013 og Grundlovens \u00a7 71, stk. 6 (lex superior) tillades ikke af domstolenes jurist generalister der n\u00e6gter legalitetspr\u00f8velse af politiets l\u00e6gefaglige vurderinger af percepterede psykosocialt handicappede med &#8220;usundt sind&#8221; som det fremg\u00e5r af EMRK artikel 5.1.e). Resultatet er torturlignende frihedsber\u00f8velser af borgere, herunder b\u00f8rn, uden reel retlig kontrol.<\/p>\n\n\n\n<p><strong>DUP Som Medskyldig<\/strong> Et konkret eksempel afsl\u00f8rer, hvordan Den Uafh\u00e6ngige Politiklagemyndighed (DUP) har &#8220;vasket&#8221; en sag og frikendt \u00d8stjyllands Politis tidligere politimester, Christian L. Otto, trods alvorlige og dokumenterede anklager. Under DUPs forvaltningsretlige arbejde er den internationalt anerkendte retspsykiatriske ekspert <a href=\"https:\/\/no.wikipedia.org\/wiki\/Terje_T%C3%B8rrissen\" target=\"_blank\" rel=\"noreferrer noopener\">Terje T\u00f8rissen<\/a> blevet udsat for gaslighting af DUP. Dette er ikke blot fejl \u2013 det er bevidst kriminel adf\u00e6rd, der materielt dokumenterer DUPs juridiske medarbejders fors\u00e6tlige intention at underminere dansk retssikkerhed og ligegyldighed om de laver alvorlig skade p\u00e5 s\u00e5rbare borgere.<\/p>\n\n\n\n<p><strong>J Consults Unders\u00f8gelse<\/strong> J Consult vil nu n\u00e6rmere unders\u00f8ge sagen for at afd\u00e6kke omfanget af DUP og \u00d8stjyllands Politis kriminelle samspil og de imaterielle og materielle skader og konsekvenser de to myndigheders ulovlige GDPR-behandlingsaktivitet har p\u00e5f\u00f8rt klager.<\/p>\n\n\n\n<p class=\"has-text-align-left\"><strong><em>Om politibetjente selv har medvirket til at vaske sager og \u00e5rsagen til, at de har gjort det. Eksempelvis om det er p\u00e5 grund af arbejdspres generelt, pres fra ledelse eller lignende. [&#8230;] Unders\u00f8gelsen vil bl.a. omfatte konkrete sp\u00f8rgsm\u00e5l til betjentene om deres arbejdsgange i forbindelse med henl\u00e6ggelse af sager og deres eventuelle erfaring med at undlade at foretage relevante efterforskningsskridt.&#8221; <\/em><\/strong><em>Rigsrevisionen om politiets vask af sager 1105-25: Arbejdspres som \u00e5rsag til &#8220;vask&#8221; af sager (side 8).<\/em><a href=\"https:\/\/x.com\/LordBCSR\/article\/1956670173722906816\/media\/1957364943721771008\"><\/a><\/p>\n\n\n\n<figure class=\"wp-block-image size-full\"><a href=\"https:\/\/lordbcsr.com\/wp-content\/uploads\/2025\/08\/Kontor-for-imaginaere-problemer-Region-Midjylland.jpg\"><img loading=\"lazy\" decoding=\"async\" width=\"720\" height=\"960\" src=\"https:\/\/lordbcsr.com\/wp-content\/uploads\/2025\/08\/Kontor-for-imaginaere-problemer-Region-Midjylland.jpg\" alt=\"\" class=\"wp-image-2404\" srcset=\"https:\/\/lordbcsr.com\/wp-content\/uploads\/2025\/08\/Kontor-for-imaginaere-problemer-Region-Midjylland.jpg 720w, https:\/\/lordbcsr.com\/wp-content\/uploads\/2025\/08\/Kontor-for-imaginaere-problemer-Region-Midjylland-225x300.jpg 225w\" sizes=\"auto, (max-width: 720px) 100vw, 720px\" \/><\/a><figcaption class=\"wp-element-caption\">Utilb\u00f8rlige tvangs-udfordringer efter medarbejdernes GDPR disinformation i patientjournaler hos REGION MIDT Skejby psykiatri, afdeling S9.<\/figcaption><\/figure>\n\n\n\n<p>Vejen frem kr\u00e6ver erstatning af tvang med frivillige alternativer i tr\u00e5d med CRPD art. 13 og 19, intensiv domstolspr\u00f8velse af psykiatrilovens \u00a7 5.1 og 5.2 i overensstemmelse med EMRK art. 5, 6, 13 og 14, klare love samt brugerinvolvering i beslutninger. Antag hvert tilf\u00e6lde af tvang som systemisk svigt, og befri mental sundhed fra tvang ved at st\u00f8tte individets vilje \u2013 g\u00e6ldende for alle ud fra et mindstemiddels proportionalits- og saglighedsprincip i psykiatrilovens \u00a7 4 stk. 2.<\/p>\n\n\n\n<p>Uden \u00e6ndring af sl\u00f8seriet og menneskerettigheds-kriminaliteten der foreg\u00e5r, misbruges tvang fortsat. Dette kan virke naivt, men historien viser paradigmeskift. Status quo&#8217;s fiaskoer g\u00f8r forandring n\u00f8dvendig. Personer med psykosociale handicap diskrimineres globalt, is\u00e6r i sundhedssystemer med magtasymmetrier. Tiden er inde til at afslutte dette via partnerskab mellem fagfolk og eksperter med livserfaring, ikke formynderi.<\/p>\n\n\n\n<p>Konklusionen er klar: Trods enorme 2025-investeringer kr\u00e6nker tvang og manglende tilsyn CRPD og EMRK, bekr\u00e6ftet af Rigsrevisionen og Parallel Rapporten fra Institut for Menneskerettigheder. Uden reformer risikerer vi flere retsstatskr\u00e6nkelser og spildte milliarder h\u00e6ldt i et nationalt selvskadende sort hul.<\/p>\n\n\n\n<p>Kontakt:<\/p>\n\n\n\n<ul class=\"wp-block-list\">\n<li>Hans-Henrik Juhl, Juridisk Proceskonsulent, J Consult, jur@lordbcsr.com <br>X-handle<a href=\"https:\/\/x.com\/@LordBCSR\" target=\"_blank\" rel=\"noreferrer noopener\">@LordBCSR<\/a><\/li>\n\n\n\n<li>Se tidligere Pressemeddelelser her: <a href=\"https:\/\/x.com\/LordBCSR\/articles\" target=\"_blank\" rel=\"noreferrer noopener\">https:\/\/x.com\/LordBCSR\/articles<\/a><\/li>\n\n\n\n<li>Niels J\u00f8rgen Langkilde, Landsformand, Patientforeningen njl@patientforeningen.dk <br>X-handle<a href=\"https:\/\/x.com\/@NJLangkilde1\" target=\"_blank\" rel=\"noreferrer noopener\">@NJLangkilde1<\/a><\/li>\n<\/ul>\n\n\n\n<p><a href=\"https:\/\/x.com\/search?q=%23Patientforeningen&amp;src=hashtag_click\" target=\"_blank\" rel=\"noreferrer noopener\">#Patientforeningendk<\/a> <a href=\"https:\/\/x.com\/search?q=%23HandicapRettigheder&amp;src=hashtag_click\" target=\"_blank\" rel=\"noreferrer noopener\">#HandicapRettigheder<\/a> <a href=\"https:\/\/x.com\/search?q=%23AfbureaukratiserTvang&amp;src=hashtag_click\" target=\"_blank\" rel=\"noreferrer noopener\">#AfbureaukratiserTvang<\/a> <a href=\"https:\/\/x.com\/search?q=%23RetssikkerhedNu&amp;src=hashtag_click\" target=\"_blank\" rel=\"noreferrer noopener\">#RetssikkerhedNu<\/a> <a href=\"https:\/\/x.com\/search?q=%23CRPDNu&amp;src=hashtag_click\" target=\"_blank\" rel=\"noreferrer noopener\">#CRPDNu<\/a> <a href=\"https:\/\/x.com\/search?q=%23RuleofLaw&amp;src=hashtag_click\" target=\"_blank\" rel=\"noreferrer noopener\">#RuleofLaw<\/a> <a href=\"https:\/\/x.com\/search?q=%23Denmark&amp;src=hashtag_click\" target=\"_blank\" rel=\"noreferrer noopener\">#Denmark<\/a> <a href=\"https:\/\/x.com\/search?q=%23DanishPresidencyoftheCounciloftheEuropeanUnion&amp;src=hashtag_click\" target=\"_blank\" rel=\"noreferrer noopener\">#DanishPresidencyoftheCounciloftheEuropeanUnion<\/a> <a href=\"https:\/\/x.com\/search?q=%23July_December_2025&amp;src=hashtag_click\" target=\"_blank\" rel=\"noreferrer noopener\">#July_December_2025<\/a><\/p>\n\n\n\n<figure class=\"wp-block-video\"><video height=\"360\" style=\"aspect-ratio: 640 \/ 360;\" width=\"640\" controls src=\"https:\/\/lordbcsr.com\/wp-content\/uploads\/2025\/08\/Hans-Rustad-SD-480p.mov\"><\/video><figcaption class=\"wp-element-caption\">Chefredakt\u00f8r og historiker Hans Rustad <a href=\"https:\/\/x.com\/@documentNo\" target=\"_blank\" rel=\"noreferrer noopener\">@documentNo<\/a><br>om vestlige samfunds moralske forfald<\/figcaption><\/figure>\n\n\n\n<figure class=\"wp-block-image size-large\"><a href=\"https:\/\/lordbcsr.com\/wp-content\/uploads\/2024\/06\/DET-ANTROPCAENE-SAMFUND-LB-CSR.jpg\"><img loading=\"lazy\" decoding=\"async\" width=\"1024\" height=\"820\" src=\"https:\/\/lordbcsr.com\/wp-content\/uploads\/2024\/06\/DET-ANTROPCAENE-SAMFUND-LB-CSR-1024x820.jpg\" alt=\"\" class=\"wp-image-2263\" srcset=\"https:\/\/lordbcsr.com\/wp-content\/uploads\/2024\/06\/DET-ANTROPCAENE-SAMFUND-LB-CSR-1024x820.jpg 1024w, https:\/\/lordbcsr.com\/wp-content\/uploads\/2024\/06\/DET-ANTROPCAENE-SAMFUND-LB-CSR-300x240.jpg 300w, https:\/\/lordbcsr.com\/wp-content\/uploads\/2024\/06\/DET-ANTROPCAENE-SAMFUND-LB-CSR-768x615.jpg 768w, https:\/\/lordbcsr.com\/wp-content\/uploads\/2024\/06\/DET-ANTROPCAENE-SAMFUND-LB-CSR-1536x1231.jpg 1536w, https:\/\/lordbcsr.com\/wp-content\/uploads\/2024\/06\/DET-ANTROPCAENE-SAMFUND-LB-CSR.jpg 1600w\" sizes=\"auto, (max-width: 706px) 89vw, (max-width: 767px) 82vw, 740px\" \/><\/a><figcaption class=\"wp-element-caption\">DET ANTROPOC\u00c6NE SAMFUND<\/figcaption><\/figure>\n","protected":false},"excerpt":{"rendered":"<p>Rigsrevisionen, FN og Europar\u00e5det advarer: Danmark kr\u00e6nker rettighederne for personer med handicap Alvorlig krise i psykiatri og retspsykiatri afd\u00e6kket \u2013 tvang og ulovligheder kr\u00e6ver \u00f8jeblikkelig handling J Consult, en aarhusiansk juridisk proceskonsulentvirksomhed, offentligg\u00f8r en analyse baseret p\u00e5 nylig dokumentation, herunder direktiv for ligebehandling , der blev droppet i EU-Kommissionens arbejdsprogram i februar men igen prioriteret, &hellip; <\/p>\n<p class=\"link-more\"><a href=\"https:\/\/lordbcsr.com\/?page_id=2397\" class=\"more-link\">Continue reading<span class=\"screen-reader-text\"> &#8220;PRESSMEDDELELSE 15. AUGUST 2025&#8221;<\/span><\/a><\/p>\n","protected":false},"author":1,"featured_media":2398,"parent":0,"menu_order":0,"comment_status":"closed","ping_status":"closed","template":"","meta":{"footnotes":""},"class_list":["post-2397","page","type-page","status-publish","has-post-thumbnail","hentry"],"_links":{"self":[{"href":"https:\/\/lordbcsr.com\/index.php?rest_route=\/wp\/v2\/pages\/2397","targetHints":{"allow":["GET"]}}],"collection":[{"href":"https:\/\/lordbcsr.com\/index.php?rest_route=\/wp\/v2\/pages"}],"about":[{"href":"https:\/\/lordbcsr.com\/index.php?rest_route=\/wp\/v2\/types\/page"}],"author":[{"embeddable":true,"href":"https:\/\/lordbcsr.com\/index.php?rest_route=\/wp\/v2\/users\/1"}],"replies":[{"embeddable":true,"href":"https:\/\/lordbcsr.com\/index.php?rest_route=%2Fwp%2Fv2%2Fcomments&post=2397"}],"version-history":[{"count":14,"href":"https:\/\/lordbcsr.com\/index.php?rest_route=\/wp\/v2\/pages\/2397\/revisions"}],"predecessor-version":[{"id":2428,"href":"https:\/\/lordbcsr.com\/index.php?rest_route=\/wp\/v2\/pages\/2397\/revisions\/2428"}],"wp:featuredmedia":[{"embeddable":true,"href":"https:\/\/lordbcsr.com\/index.php?rest_route=\/wp\/v2\/media\/2398"}],"wp:attachment":[{"href":"https:\/\/lordbcsr.com\/index.php?rest_route=%2Fwp%2Fv2%2Fmedia&parent=2397"}],"curies":[{"name":"wp","href":"https:\/\/api.w.org\/{rel}","templated":true}]}}