{"id":2348,"date":"2025-04-09T06:04:23","date_gmt":"2025-04-09T06:04:23","guid":{"rendered":"https:\/\/lordbcsr.com\/?page_id=2348"},"modified":"2025-10-21T08:56:36","modified_gmt":"2025-10-21T08:56:36","slug":"pressmeddelelse-april-9-2025","status":"publish","type":"page","link":"https:\/\/lordbcsr.com\/?page_id=2348","title":{"rendered":"PRESSMEDDELELSE 9. APRIL 2025"},"content":{"rendered":"\n<figure class=\"wp-block-image size-full\"><a href=\"https:\/\/lordbcsr.com\/wp-content\/uploads\/2025\/03\/Screenshot-2025-03-07-at-09.39.15.png\"><img loading=\"lazy\" decoding=\"async\" width=\"605\" height=\"800\" src=\"https:\/\/lordbcsr.com\/wp-content\/uploads\/2025\/03\/Screenshot-2025-03-07-at-09.39.15.png\" alt=\"\" class=\"wp-image-2340\" srcset=\"https:\/\/lordbcsr.com\/wp-content\/uploads\/2025\/03\/Screenshot-2025-03-07-at-09.39.15.png 605w, https:\/\/lordbcsr.com\/wp-content\/uploads\/2025\/03\/Screenshot-2025-03-07-at-09.39.15-227x300.png 227w\" sizes=\"auto, (max-width: 605px) 100vw, 605px\" \/><\/a><\/figure>\n\n\n\n<h1 class=\"wp-block-heading\">NY BOGUDGIVELSE: &#8220;Den Kloge Professor i Kanalens Kaos&#8221; \u2013 Et moderne satirisk eventyr med dystopiske og allegoriske undertoner<\/h1>\n\n\n\n<p>Den danske indie-forfatter Hans-Henrik Juhl pr\u00e6senterer sin seneste fort\u00e6lling, Den Kloge Professor i Kanalens Kaos, en f\u00e6ngslende blanding af satire, allegori og dystopisk fantasi, der tager l\u00e6serne med ind i et Danmark anno 2025. Med en skarp pen og et blik for samfundets kompleksitet udforsker Juhl temaer som ytringsfrihed, retf\u00e6rdighed og moralsk forfald i en moderne eventyrverden, hvor h\u00e5b og ruin st\u00e5r ansigt til ansigt.<\/p>\n\n\n\n<p>I centrum m\u00f8der vi S\u00f8rn, en naiv dr\u00f8mmer og b\u00e6rer af en ring \u2013 et symbol p\u00e5 fortidens storhed og nutidens ruin. Med pensel og slidt karton vander og skr\u00e6ller han sandhedens l\u00f8g, afsl\u00f8rer lag af korruption i et Danmark, hvor ytringsfrihed er en hvisken i vinden, retssystemet ligger i grus, og Gr\u00f8nland er solgt til fremmede h\u00e6nder. Modarbejdet af sin gr\u00e5dige s\u00f8ster og Princesseministerens glitrende garn st\u00e5r S\u00f8rn ved en skillevej: at tie og leve \u2013 eller r\u00e5be og risikere alt.<\/p>\n\n\n\n<p>H\u00e5bet glimter, da Professor Frederik Waage, juridisk fyrt\u00e5rn og ytringsfrihedens sidste skjold, styrter i K\u00f8benhavns grumsede vand med sin bog om retten til nej. En snedig, smaragdgr\u00f8n papeg\u00f8je, Sherlock B, fisker bogen op fra dybet og sl\u00e5r sig sammen med en idealistisk Patientforeningsformand, hvis stok banker tavsheden v\u00e6k. Sammen t\u00e6nder de et flakkende lys mod skyggefulde magtspillere som Dmitry og AI-dommere, der kortslutter under sandhedens v\u00e6gt.<\/p>\n\n\n\n<p>Den Kloge Professor i Kanalens Kaos er ren fiktion, men dens r\u00f8dder i Danmarks rige historie og nutidens udfordringer er tydelige. Inspireret af klassikere som La Fontaine, Karen Blixen, Henrik Pontoppidan og H.C. Andersen forener Juhl en moderne, kritisk stemme med tidl\u00f8se temaer som frihed, b\u00e6redygtighed og samfundets kompas. Hans baggrund som politisk kommentator, juridisk proceskonsulent og krydsdisciplin\u00e6r designer skinner igennem i en fort\u00e6lling, der b\u00e5de underholder og udfordrer.<\/p>\n\n\n\n<figure class=\"wp-block-image size-large\"><a href=\"https:\/\/lordbcsr.com\/wp-content\/uploads\/2025\/04\/006-1.jpg\"><img loading=\"lazy\" decoding=\"async\" width=\"1024\" height=\"768\" src=\"https:\/\/lordbcsr.com\/wp-content\/uploads\/2025\/04\/006-1-1024x768.jpg\" alt=\"\" class=\"wp-image-2358\" srcset=\"https:\/\/lordbcsr.com\/wp-content\/uploads\/2025\/04\/006-1-1024x768.jpg 1024w, https:\/\/lordbcsr.com\/wp-content\/uploads\/2025\/04\/006-1-300x225.jpg 300w, https:\/\/lordbcsr.com\/wp-content\/uploads\/2025\/04\/006-1-768x576.jpg 768w, https:\/\/lordbcsr.com\/wp-content\/uploads\/2025\/04\/006-1.jpg 1400w\" sizes=\"auto, (max-width: 706px) 89vw, (max-width: 767px) 82vw, 740px\" \/><\/a><\/figure>\n\n\n\n<p>Hans-Henrik Juhl er kendt for tidligere v\u00e6rker som den medrivende Legenden om Lord B, opl\u00e6st af Kim Munk, og tilg\u00e6ngelig som papirbog, e-bog og lydbog p\u00e5 danske biblioteker. Med Den Kloge Professor i Kanalens Kaos cementerer han sin evne til at v\u00e6ve esoteriske tanker og social kritik ind i lagdelte, underfundige fort\u00e6llinger, der inviterer l\u00e6seren til refleksion over Danmarks kulturelle og juridiske landskab i en dystopisk fremtid.<\/p>\n\n\n\n<p><br>NYTTIGE OPLYSNINGER: <br><br>Hvor kan du finde <strong>Den Kloge Professor i Kanalens Kaos<\/strong>: <a href=\"https:\/\/www.smashwords.com\/profile\/view\/LBpublishing\">Smashwords.com<\/a> samt hos alle st\u00f8rre boghandlere.<br><br>Udgivelsesdato: <strong>4 . marts  2025 <\/strong><br><br>Sprog: dansk, engelsk, fransk:<br>Titel: Den Kloge Professor i Kanalens Kaos<br>Title: <em>The Wise Professor in the Chaos of the Canal<\/em><br>Titre: <em>Le Professeur Sage dans le Chaos du Canal<\/em><\/p>\n\n\n\n<p>Format e-bog: epub <\/p>\n\n\n\n<p>ISBN e-bog dansk version: 97887-999908-7-0<br>ISBN e-bog engelsk version: <a href=\"https:\/\/www.smashwords.com\/books\/view\/1136254\">97887-999908-6-3<\/a><br>ISBN e-bog fransk version: <a href=\"https:\/\/www.smashwords.com\/books\/view\/1136254\">97887-976115-2-4<\/a><\/p>\n\n\n\n<p><\/p>\n\n\n\n<p>Udgiver: <a href=\"https:\/\/www.lordbplanetrescue.org\/\">Lordbplanetrescue.org<\/a>, Danmark <\/p>\n\n\n\n<p>Produktion: <a href=\"https:\/\/lordbcsr.com\/\">Lordbcsr.com<\/a><\/p>\n\n\n\n<p><strong>For yderligere information kontakt:<\/strong><\/p>\n\n\n\n<p><strong>Navn:<\/strong> Hans-Henrik Juhl<br><strong>Telefon:<\/strong> +45 5127 4152<br><strong>E-mail: <\/strong><a href=\"mailto:hh@lordbcsr.com\">hh@lordbcsr.com<\/a><\/p>\n\n\n\n<p><strong>Pressemeddelelse sendt af:<\/strong><\/p>\n\n\n\n<p>J Consult<br>Vaarkjaervej 22<br>DK-8260 Viby J<\/p>\n\n\n\n<p><strong>Telefon: <\/strong>+45 5127 4152<br><strong>E-mail: <\/strong><a href=\"mailto:info@lordbcsr.com\">info@lordbcsr.com<\/a><br><strong>Internet: <\/strong><a href=\"https:\/\/www.lordbcsr.com\" target=\"_blank\" rel=\"noreferrer noopener\">Lordbcsr.com<\/a><\/p>\n\n\n\n<figure class=\"wp-block-gallery has-nested-images columns-default is-cropped wp-block-gallery-1 is-layout-flex wp-block-gallery-is-layout-flex\">\n<figure class=\"wp-block-image size-large\"><a href=\"https:\/\/lordbcsr.com\/wp-content\/uploads\/2025\/04\/002.jpg\"><img loading=\"lazy\" decoding=\"async\" width=\"1024\" height=\"768\" data-id=\"2353\" src=\"https:\/\/lordbcsr.com\/wp-content\/uploads\/2025\/04\/002-1024x768.jpg\" alt=\"\" class=\"wp-image-2353\" srcset=\"https:\/\/lordbcsr.com\/wp-content\/uploads\/2025\/04\/002-1024x768.jpg 1024w, https:\/\/lordbcsr.com\/wp-content\/uploads\/2025\/04\/002-300x225.jpg 300w, https:\/\/lordbcsr.com\/wp-content\/uploads\/2025\/04\/002-768x576.jpg 768w, https:\/\/lordbcsr.com\/wp-content\/uploads\/2025\/04\/002.jpg 1400w\" sizes=\"auto, (max-width: 706px) 89vw, (max-width: 767px) 82vw, 740px\" \/><\/a><\/figure>\n\n\n\n<figure class=\"wp-block-image size-large\"><a href=\"https:\/\/lordbcsr.com\/wp-content\/uploads\/2025\/04\/005-1.jpg\"><img loading=\"lazy\" decoding=\"async\" width=\"1024\" height=\"768\" data-id=\"2356\" src=\"https:\/\/lordbcsr.com\/wp-content\/uploads\/2025\/04\/005-1-1024x768.jpg\" alt=\"\" class=\"wp-image-2356\" srcset=\"https:\/\/lordbcsr.com\/wp-content\/uploads\/2025\/04\/005-1-1024x768.jpg 1024w, https:\/\/lordbcsr.com\/wp-content\/uploads\/2025\/04\/005-1-300x225.jpg 300w, https:\/\/lordbcsr.com\/wp-content\/uploads\/2025\/04\/005-1-768x576.jpg 768w, https:\/\/lordbcsr.com\/wp-content\/uploads\/2025\/04\/005-1.jpg 1400w\" sizes=\"auto, (max-width: 706px) 89vw, (max-width: 767px) 82vw, 740px\" \/><\/a><\/figure>\n\n\n\n<figure class=\"wp-block-image size-large\"><a href=\"https:\/\/lordbcsr.com\/wp-content\/uploads\/2025\/04\/010.jpg\"><img loading=\"lazy\" decoding=\"async\" width=\"1024\" height=\"768\" data-id=\"2359\" src=\"https:\/\/lordbcsr.com\/wp-content\/uploads\/2025\/04\/010-1024x768.jpg\" alt=\"\" class=\"wp-image-2359\" srcset=\"https:\/\/lordbcsr.com\/wp-content\/uploads\/2025\/04\/010-1024x768.jpg 1024w, https:\/\/lordbcsr.com\/wp-content\/uploads\/2025\/04\/010-300x225.jpg 300w, https:\/\/lordbcsr.com\/wp-content\/uploads\/2025\/04\/010-768x576.jpg 768w, https:\/\/lordbcsr.com\/wp-content\/uploads\/2025\/04\/010-1536x1152.jpg 1536w, https:\/\/lordbcsr.com\/wp-content\/uploads\/2025\/04\/010.jpg 1867w\" sizes=\"auto, (max-width: 706px) 89vw, (max-width: 767px) 82vw, 740px\" \/><\/a><\/figure>\n\n\n\n<figure class=\"wp-block-image size-large\"><a href=\"https:\/\/lordbcsr.com\/wp-content\/uploads\/2025\/04\/cover-1.jpg\"><img loading=\"lazy\" decoding=\"async\" width=\"765\" height=\"1024\" data-id=\"2361\" src=\"https:\/\/lordbcsr.com\/wp-content\/uploads\/2025\/04\/cover-1-765x1024.jpg\" alt=\"\" class=\"wp-image-2361\" srcset=\"https:\/\/lordbcsr.com\/wp-content\/uploads\/2025\/04\/cover-1-765x1024.jpg 765w, https:\/\/lordbcsr.com\/wp-content\/uploads\/2025\/04\/cover-1-224x300.jpg 224w, https:\/\/lordbcsr.com\/wp-content\/uploads\/2025\/04\/cover-1-768x1027.jpg 768w, https:\/\/lordbcsr.com\/wp-content\/uploads\/2025\/04\/cover-1-1148x1536.jpg 1148w, https:\/\/lordbcsr.com\/wp-content\/uploads\/2025\/04\/cover-1.jpg 1400w\" sizes=\"auto, (max-width: 706px) 89vw, (max-width: 767px) 82vw, 740px\" \/><\/a><\/figure>\n<\/figure>\n\n\n\n<figure class=\"wp-block-image size-large\"><a href=\"https:\/\/lordbcsr.com\/wp-content\/uploads\/2025\/10\/Lektorudtalelse-Den-Kloge-Professor-i-Kanalens-Kaos.png\"><img loading=\"lazy\" decoding=\"async\" width=\"722\" height=\"1024\" src=\"https:\/\/lordbcsr.com\/wp-content\/uploads\/2025\/10\/Lektorudtalelse-Den-Kloge-Professor-i-Kanalens-Kaos-722x1024.png\" alt=\"\" class=\"wp-image-2435\" srcset=\"https:\/\/lordbcsr.com\/wp-content\/uploads\/2025\/10\/Lektorudtalelse-Den-Kloge-Professor-i-Kanalens-Kaos-722x1024.png 722w, https:\/\/lordbcsr.com\/wp-content\/uploads\/2025\/10\/Lektorudtalelse-Den-Kloge-Professor-i-Kanalens-Kaos-211x300.png 211w, https:\/\/lordbcsr.com\/wp-content\/uploads\/2025\/10\/Lektorudtalelse-Den-Kloge-Professor-i-Kanalens-Kaos-768x1090.png 768w, https:\/\/lordbcsr.com\/wp-content\/uploads\/2025\/10\/Lektorudtalelse-Den-Kloge-Professor-i-Kanalens-Kaos-1082x1536.png 1082w, https:\/\/lordbcsr.com\/wp-content\/uploads\/2025\/10\/Lektorudtalelse-Den-Kloge-Professor-i-Kanalens-Kaos-1443x2048.png 1443w, https:\/\/lordbcsr.com\/wp-content\/uploads\/2025\/10\/Lektorudtalelse-Den-Kloge-Professor-i-Kanalens-Kaos.png 1518w\" sizes=\"auto, (max-width: 722px) 100vw, 722px\" \/><\/a><\/figure>\n","protected":false},"excerpt":{"rendered":"<p>NY BOGUDGIVELSE: &#8220;Den Kloge Professor i Kanalens Kaos&#8221; \u2013 Et moderne satirisk eventyr med dystopiske og allegoriske undertoner Den danske indie-forfatter Hans-Henrik Juhl pr\u00e6senterer sin seneste fort\u00e6lling, Den Kloge Professor i Kanalens Kaos, en f\u00e6ngslende blanding af satire, allegori og dystopisk fantasi, der tager l\u00e6serne med ind i et Danmark anno 2025. Med en skarp &hellip; <\/p>\n<p class=\"link-more\"><a href=\"https:\/\/lordbcsr.com\/?page_id=2348\" class=\"more-link\">Continue reading<span class=\"screen-reader-text\"> &#8220;PRESSMEDDELELSE 9. APRIL 2025&#8221;<\/span><\/a><\/p>\n","protected":false},"author":1,"featured_media":0,"parent":0,"menu_order":0,"comment_status":"closed","ping_status":"closed","template":"","meta":{"footnotes":""},"class_list":["post-2348","page","type-page","status-publish","hentry"],"_links":{"self":[{"href":"https:\/\/lordbcsr.com\/index.php?rest_route=\/wp\/v2\/pages\/2348","targetHints":{"allow":["GET"]}}],"collection":[{"href":"https:\/\/lordbcsr.com\/index.php?rest_route=\/wp\/v2\/pages"}],"about":[{"href":"https:\/\/lordbcsr.com\/index.php?rest_route=\/wp\/v2\/types\/page"}],"author":[{"embeddable":true,"href":"https:\/\/lordbcsr.com\/index.php?rest_route=\/wp\/v2\/users\/1"}],"replies":[{"embeddable":true,"href":"https:\/\/lordbcsr.com\/index.php?rest_route=%2Fwp%2Fv2%2Fcomments&post=2348"}],"version-history":[{"count":14,"href":"https:\/\/lordbcsr.com\/index.php?rest_route=\/wp\/v2\/pages\/2348\/revisions"}],"predecessor-version":[{"id":2436,"href":"https:\/\/lordbcsr.com\/index.php?rest_route=\/wp\/v2\/pages\/2348\/revisions\/2436"}],"wp:attachment":[{"href":"https:\/\/lordbcsr.com\/index.php?rest_route=%2Fwp%2Fv2%2Fmedia&parent=2348"}],"curies":[{"name":"wp","href":"https:\/\/api.w.org\/{rel}","templated":true}]}}