{"id":2292,"date":"2025-02-01T11:00:19","date_gmt":"2025-02-01T11:00:19","guid":{"rendered":"https:\/\/lordbcsr.com\/?page_id=2292"},"modified":"2025-02-01T15:54:46","modified_gmt":"2025-02-01T15:54:46","slug":"test","status":"publish","type":"page","link":"https:\/\/lordbcsr.com\/?page_id=2292","title":{"rendered":"PRESSEMEDDELELSE DECEMBER 2024"},"content":{"rendered":"\n<figure class=\"wp-block-image size-large\"><a href=\"https:\/\/lordbcsr.com\/wp-content\/uploads\/2025\/02\/Censur.png\"><img loading=\"lazy\" decoding=\"async\" width=\"1024\" height=\"775\" src=\"https:\/\/lordbcsr.com\/wp-content\/uploads\/2025\/02\/Censur-1024x775.png\" alt=\"\" class=\"wp-image-2307\" srcset=\"https:\/\/lordbcsr.com\/wp-content\/uploads\/2025\/02\/Censur-1024x775.png 1024w, https:\/\/lordbcsr.com\/wp-content\/uploads\/2025\/02\/Censur-300x227.png 300w, https:\/\/lordbcsr.com\/wp-content\/uploads\/2025\/02\/Censur-768x581.png 768w, https:\/\/lordbcsr.com\/wp-content\/uploads\/2025\/02\/Censur.png 1089w\" sizes=\"auto, (max-width: 706px) 89vw, (max-width: 767px) 82vw, 740px\" \/><\/a><\/figure>\n\n\n\n<h1 class=\"wp-block-heading\"><strong>Rule of Law tilsidesat: Danmarks Totalit\u00e6re Tilstande og Undtagelsesfrie Instrukser i 2024<\/strong><\/h1>\n\n\n\n<h2 class=\"wp-block-heading\">Patientforeningen ved Landsformand Niels J\u00f8rgen Langkilde og Juridisk Proceskonsulent Hans-Henrik Juhl, har i 3. og 4. kvartal 2024 indgivet en formel retsstatsklage over den danske regering til FNs Torturkomit\u00e9 og Europar\u00e5dets PACE i Strasbourg.<\/h2>\n\n\n\n<p>Klagerne vedr\u00f8rer Danmarks systematiske manglende overholdelse af sine forfatningsm\u00e6ssige forpligtelser, internationale menneskerettighedsstandarder og retsstaten, is\u00e6r i forhold til personer med opfattede eller psykosociale handicap. Der er en strukturel og automatisk mangel p\u00e5 overholdelse af forfatningsm\u00e6ssige bestemmelser, direktiver uden undtagelser, GDPR-kr\u00e6nkelser og et frav\u00e6r af effektive og kvalificerede retlige gennemgange af frihedsber\u00f8velser uden for strafferetslige rammer. Denne adf\u00e6rd opfattes som et tegn p\u00e5 en umoden tilgang fra myndigheder og ansatte i retssystemet, der infantiliserer borgere og dermed usurperer deres rettigheder. S\u00e5dan strukturel opf\u00f8rsel skaber retsbetingelser, der kan sidestilles med totalitarisme.<\/p>\n\n\n\n<p>Patientforeningen kan bevise, at disse handlinger stammer fra et materielt tvetydigt juridisk grundlag og uklar fortolkning af GDPR vedr\u00f8rende &#8220;usund sindstilstand&#8221;, uden at anerkende borgernes effektive retlige kapacitet eller overholde de forfatningsm\u00e6ssige garantier, som de anerkendte uafh\u00e6ngige domstole i medlemsstaten giver. Den danske regering meddelte den 1. marts 2024 til FN&#8217;s CRPD-komit\u00e9, at den ikke har til hensigt at f\u00f8lge komiteens anbefalinger fra oktober 2023 og har fejlet FN&#8217;s menneskerettighedseksamen i august 2024 i Gen\u00e8ve. Faktisk har Danmark aldrig best\u00e5et denne eksamen siden ratificeringen af konventionen i 2006\/09.<\/p>\n\n\n\n<p>Desuden har Danmark ikke overholdt Europar\u00e5dets, PACE&#8217;s anbefalinger fra 2004-2022 til alle EU-medlemsstater vedr\u00f8rende deinstitutionalisering af personer med handicap. I 2024 ses danske myndigheder og aktivistiske domstole at opretholde censur og naive inkonsekvente stedfortr\u00e6dende beslutninger med praksis uden undtagelser og ikke-individuelle praksisser, der tilsides\u00e6tter national lovgivning og international ret, kr\u00e6nker principperne om autonomi, ikke-diskrimination og v\u00e6rdighed i Konventionen om rettigheder for personer med handicap og Den Europ\u00e6iske Menneskerettighedskonvention. Den delvist for\u00e6ldede artikel 5.1(e) i Den Europ\u00e6iske Menneskerettighedskonvention, i forbindelse med PACE&#8217;s anbefalinger om deinstitutionalisering, blev i de fleste tilf\u00e6lde overfl\u00f8dig i 2004.<\/p>\n\n\n\n<p>Denne juridiske kilde bruges dog stadig i dag i hemmelige og undtagelsesfri retsprocesser af danske domstole, men kan ikke l\u00e6ngere retf\u00e6rdigg\u00f8re de dokumenterede uforholdsm\u00e6ssige frihedsber\u00f8velser, de misbrugende biokemiske og mekaniske tvangsmidler fra danske myndigheder p\u00e5 grund af kildens abstrakte og vage politiske formulering om &#8220;usund sindstilstand&#8221;. Desuden ignoreres artikel 8.2 i konventionen, som taler om effektiv retf\u00e6rdighed (effektivitetsprincippet), hvilket skulle sikre, at rettighederne bliver anvendt p\u00e5 en m\u00e5de, der har en praktisk virkning, og ikke kun teoretisk.<\/p>\n\n\n\n<p>De mellemstatslige myndigheder er blevet informeret om de regressive eugenisk utilb\u00f8rlige hospitalsforhold og den juridiske krise (ledelse ved forvirring) i Danmark. Med implementeringen af digital AI i retssystemet kr\u00e6ver dette en \u00f8jeblikkelig unders\u00f8gelse af Folketinget, hvilket igen kr\u00e6ver en juridisk reform for at sikre fremtidig modsigelsesbeskyttelse af de grundl\u00e6ggende rettigheder for personer med handicap i overensstemmelse med Institut for Menneskerettigheders UN CRDP.<\/p>\n\n\n\n<p><a href=\"https:\/\/menneskeret.dk\/files\/media\/document\/PARALLEL%20REPORT%20TO%20THE%20UN%20COMMITTEE%20ON%20THE%20RIGHTS%20OF%20PERSONS%20WITH%20DISABILITIES%2C%20Denmark%202024.pdf\" target=\"_blank\" rel=\"noreferrer noopener\">Parallelrapport 2024<\/a> (link).<\/p>\n\n\n\n<p>Kontakt:<\/p>\n\n\n\n<ul class=\"wp-block-list\">\n<li>Hans-Henrik Juhl, \u00a0Juridisk Proceskonsulent, J Consult, jur@lordbcsr.com <br>X-handle <a href=\"https:\/\/x.com\/@LordBCSR\" target=\"_blank\" rel=\"noreferrer noopener\">@LordBCSR<\/a><\/li>\n\n\n\n<li>Se tidligere pressemeddelelser her: &nbsp;<a href=\"https:\/\/x.com\/LordBCSR\/articles\" target=\"_blank\" rel=\"noreferrer noopener\">https:\/\/x.com\/LordBCSR\/articles<\/a><\/li>\n\n\n\n<li>Niels J\u00f8rgen Langkilde, Landsformand, Patientforeningen, njl@patientforeningen.dk <br>X-handle <a href=\"https:\/\/x.com\/@NJLangkilde1\" target=\"_blank\" rel=\"noreferrer noopener\">@NJLangkilde1<\/a><br>LinkedIn <a href=\"https:\/\/www.linkedin.com\/in\/niels-j%C3%B8rgen-m-d-c-s-langkilde-38236a4\/overlay\/about-this-profile\/\">Niels J\u00f8rgen M d C S Langkilde<\/a><\/li>\n<\/ul>\n\n\n\n<p><\/p>\n","protected":false},"excerpt":{"rendered":"<p>Rule of Law tilsidesat: Danmarks Totalit\u00e6re Tilstande og Undtagelsesfrie Instrukser i 2024 Patientforeningen ved Landsformand Niels J\u00f8rgen Langkilde og Juridisk Proceskonsulent Hans-Henrik Juhl, har i 3. og 4. kvartal 2024 indgivet en formel retsstatsklage over den danske regering til FNs Torturkomit\u00e9 og Europar\u00e5dets PACE i Strasbourg. Klagerne vedr\u00f8rer Danmarks systematiske manglende overholdelse af sine forfatningsm\u00e6ssige &hellip; <\/p>\n<p class=\"link-more\"><a href=\"https:\/\/lordbcsr.com\/?page_id=2292\" class=\"more-link\">Continue reading<span class=\"screen-reader-text\"> &#8220;PRESSEMEDDELELSE DECEMBER 2024&#8221;<\/span><\/a><\/p>\n","protected":false},"author":1,"featured_media":0,"parent":0,"menu_order":0,"comment_status":"closed","ping_status":"closed","template":"","meta":{"footnotes":""},"class_list":["post-2292","page","type-page","status-publish","hentry"],"_links":{"self":[{"href":"https:\/\/lordbcsr.com\/index.php?rest_route=\/wp\/v2\/pages\/2292","targetHints":{"allow":["GET"]}}],"collection":[{"href":"https:\/\/lordbcsr.com\/index.php?rest_route=\/wp\/v2\/pages"}],"about":[{"href":"https:\/\/lordbcsr.com\/index.php?rest_route=\/wp\/v2\/types\/page"}],"author":[{"embeddable":true,"href":"https:\/\/lordbcsr.com\/index.php?rest_route=\/wp\/v2\/users\/1"}],"replies":[{"embeddable":true,"href":"https:\/\/lordbcsr.com\/index.php?rest_route=%2Fwp%2Fv2%2Fcomments&post=2292"}],"version-history":[{"count":19,"href":"https:\/\/lordbcsr.com\/index.php?rest_route=\/wp\/v2\/pages\/2292\/revisions"}],"predecessor-version":[{"id":2320,"href":"https:\/\/lordbcsr.com\/index.php?rest_route=\/wp\/v2\/pages\/2292\/revisions\/2320"}],"wp:attachment":[{"href":"https:\/\/lordbcsr.com\/index.php?rest_route=%2Fwp%2Fv2%2Fmedia&parent=2292"}],"curies":[{"name":"wp","href":"https:\/\/api.w.org\/{rel}","templated":true}]}}