{"id":2195,"date":"2024-02-10T13:14:38","date_gmt":"2024-02-10T13:14:38","guid":{"rendered":"https:\/\/lordbcsr.com\/?page_id=2195"},"modified":"2024-07-05T09:37:41","modified_gmt":"2024-07-05T09:37:41","slug":"pressemeddelelse-februar-2024","status":"publish","type":"page","link":"https:\/\/lordbcsr.com\/?page_id=2195","title":{"rendered":"PRESSEMEDDELELSE FEBRUAR 2024"},"content":{"rendered":"\n<figure class=\"wp-block-image size-large\"><a href=\"https:\/\/lordbcsr.com\/wp-content\/uploads\/2024\/02\/Joint-statement-v2-2048x1615-1.jpg\"><img loading=\"lazy\" decoding=\"async\" width=\"1024\" height=\"808\" src=\"https:\/\/lordbcsr.com\/wp-content\/uploads\/2024\/02\/Joint-statement-v2-2048x1615-1-1024x808.jpg\" alt=\"\" class=\"wp-image-2196\" srcset=\"https:\/\/lordbcsr.com\/wp-content\/uploads\/2024\/02\/Joint-statement-v2-2048x1615-1-1024x808.jpg 1024w, https:\/\/lordbcsr.com\/wp-content\/uploads\/2024\/02\/Joint-statement-v2-2048x1615-1-300x237.jpg 300w, https:\/\/lordbcsr.com\/wp-content\/uploads\/2024\/02\/Joint-statement-v2-2048x1615-1-768x606.jpg 768w, https:\/\/lordbcsr.com\/wp-content\/uploads\/2024\/02\/Joint-statement-v2-2048x1615-1-1536x1211.jpg 1536w, https:\/\/lordbcsr.com\/wp-content\/uploads\/2024\/02\/Joint-statement-v2-2048x1615-1.jpg 2048w\" sizes=\"auto, (max-width: 706px) 89vw, (max-width: 767px) 82vw, 740px\" \/><\/a><\/figure>\n\n\n\n<h1 class=\"wp-block-heading\"><strong>Den chokerende arv fra fortiden: Efterspillet af eugenik i dagens sundhedsv\u00e6sen!<\/strong><\/h1>\n\n\n\n<h2 class=\"wp-block-heading\">I dansk psykiatri k\u00e6mpes der ikke blot med diagnostiske udfordringer, men ogs\u00e5 med alvorlige strukturelle national-retligt regulerede GDPR-problemstillinger i databeskyttelsesforordningen (profilering som sindssyg artikel 6.1 litra f), 21.1), der underminerer patienternes rettigheder og forhindrer den h\u00f8jest opn\u00e5elige sundhed. <\/h2>\n\n\n\n<p>Den tvangspr\u00e6gede tilgang, der tilsides\u00e6tter individuelle rettigheder, kr\u00e6nker Konventionen Om Rettigheder For Personer Med Handicap (CRDP) og f\u00f8rer os ind i usikre diskriminerende retstilstande. Psykisk sundhed er ikke blot en medicinsk disciplin; det er en kompleks, sammenv\u00e6vet del af det menneskelige v\u00e6sen. Desv\u00e6rre er den nuv\u00e6rende praksis i den vestlige psykiatri l\u00f8bet l\u00f8bsk med en automat-alarmisme, hvor selvst\u00e6ndig tankevirksomhed fortr\u00e6nges af reduktionistiske standardiserede tilgange og en forr\u00e5et ideologisk styret offentlig kultur. <a href=\"https:\/\/europeantimes.news\/2023\/05\/eugenics-influenced-the-formulation-of-the-european-convention-on-human-rights\/\" data-type=\"link\" data-id=\"https:\/\/europeantimes.news\/2023\/05\/eugenics-influenced-the-formulation-of-the-european-convention-on-human-rights\/\" target=\"_blank\" rel=\"noreferrer noopener\">Europa R\u00e5dets Komit\u00e9 for Bioetik<\/a> er i 2023 blevet stoppet med deres udarbejdelse af et potentiel nyt juridisk v\u00e6rkt\u00f8j (till\u00e6gsprotokol til Oviedo konventionen), der adresserer beskyttelsen af personer under anvendelse af tvangsmidler inden for psykiatrien. Et lunefuldt juridisk v\u00e6rkt\u00f8j der har form\u00e5let, at opretholde de utilb\u00f8rlige tilstandes status quo. Dette ikke blot ber\u00f8ver patienter deres ret til individuel behandling, men underminerer ogs\u00e5 essensen i borgernes <a href=\"https:\/\/pace.coe.int\/en\/files\/30006\/html\" data-type=\"link\" data-id=\"https:\/\/pace.coe.int\/en\/files\/30006\/html\" target=\"_blank\" rel=\"noreferrer noopener\">retlige handleevne<\/a> der g\u00e6lder i et frit t\u00e6nkende retssamfund. <\/p>\n\n\n\n<p>Man skulle tro at efter Holocaust havde menneskeheden l\u00e6rt noget. <a href=\"https:\/\/europeantimes.news\/2022\/06\/council-of-europe-considering-international-human-rights-in-mental-health\/\" data-type=\"link\" data-id=\"https:\/\/europeantimes.news\/2022\/06\/council-of-europe-considering-international-human-rights-in-mental-health\/\" target=\"_blank\" rel=\"noreferrer noopener\">Men nej<\/a>. Danske politikere og videnskabsfolk fandt i slutningen af 1940\u2019erne euginik attraktiv \u2013 s\u00e5 attraktiv at Danmark som foregangsland medvirkede til at f\u00e5 tilladt eugenik, lovhjemlet i Den Europ\u00e6iske Menneskerettighedskonvention (artikel 5 stk. 1 litra e). Det bredt formulerede og subjektive udtryk \u201cutilpasset sind\u201d (unsound mind) der fremg\u00e5r af denne retsartikel, giver EU-stater fripas til kreativ fortolkning af sundhedsv\u00e6seners \u00f8konomiske og politiske jobskabelsesm\u00e6ssige prioriteter. Som det er set under Covid 19, bidrager n\u00f8dretskulturen inden for sundhedsv\u00e6senet til favorisering af tvangsm\u00e6ssige og eugeniske ansvarsfri tilgange til behandling og pleje, hvilket \u00e5benlyst, har negative konsekvenser for patienternes helbred, retssikkerhed og trivsel. <\/p>\n\n\n\n<p>Men vent, er Danmark ikke forpligtet af handicapkonventionen artikel 33 til at have kontrol-mekanismer s\u00e5som Institut For Menneskerettigheder og det Centrale Handicapr\u00e5d med henblik p\u00e5 at fremme, beskytte og overv\u00e5ge gennemf\u00f8relsen af konventionen? Jo, men de statsligt sponsorerede funktion\u00e6rer i disse organisationer taler for d\u00f8ve \u00f8rer over for intergenerationelle danske regeringer, der tilsyneladende \u00f8nsker at fastholde den eugeniske <a href=\"https:\/\/www.psychiatrictimes.com\/view\/global-psychiatry-crisis-values\" target=\"_blank\" rel=\"noreferrer noopener\">tankegang og praksis<\/a>. De regerende ses at mene, at denne historisk &#8220;velfungerende forretningsmodel&#8221; er god for dansk \u00f8konomi og jobskabelse. P\u00e5 den anden side er det i Danmark velkendt, at underbemandede og \u00f8konomisk ressource-udsultede domstole og vestlige universiteter er under <a href=\"https:\/\/www.k-news.dk\/artikler\/en-dag-bryder-de-juridiske-fakulteter-sammen\" data-type=\"link\" data-id=\"https:\/\/www.k-news.dk\/artikler\/en-dag-bryder-de-juridiske-fakulteter-sammen\" target=\"_blank\" rel=\"noreferrer noopener\">kollaps<\/a> og k\u00e6mper med at tiltr\u00e6kke kvalificeret og kompetent personale. Det er derfor vigtigt at v\u00e6re opm\u00e6rksom p\u00e5 disse faktorer og at lovgiver form\u00e5r at prioritere arbejde med at fremme mere retf\u00e6rdige, respektfulde og menneskelige sundhedsv\u00e6senstjenester der kan holdes ansvarlige af domstolene. Dette er ikke tilf\u00e6ldet siden 1925 for denne tilf\u00e6ldegruppe. <\/p>\n\n\n\n<p>Vi ses i vesten, at befinde os i en intellektuel krise, hvor tro og forst\u00e6rket farlig socialistisk ideologi truer med at erstatte sund fornuft og individualitet til fordel for kollektivismen. Historien har advaret os om farerne ved at underkaste sig st\u00e6rke ideologier og centraliseret styring. Vi st\u00e5r overfor en fare, hvor det t\u00e6nkende menneske (unsound mind) bliver en trussel mod systemet, et system der foretr\u00e6kker, at folket ikke t\u00e6nker for meget, et system, hvor systemet ved bedst \u2013 selv n\u00e5r det fejler. <\/p>\n\n\n\n<p>Den vestlige verden oplever i dag et parallelt fald som Romerrigets, hvor overflod, tro, og idealisme tr\u00e6kker os ind i en fordummende spiral af nyttel\u00f8se krige. Det er p\u00e5 tide, at vi genopdager v\u00e6rdien af individuelle rettigheder, fri tanke og en mere humanistisk tilgang til psykiatrien og hvad der kan percepteres som psykosociale handicap. Det er p\u00e5 tide at rette op p\u00e5 fejltagelserne og vende tilbage til en sund fornuft og respekt for menneskerettighederne. Det er p\u00e5 tide at t\u00e6nke frit, handle ansvarligt og genskabe et sundhedssystem, der virkelig tjener og beskytter individet. <br><br>Patientforeningen <a href=\"https:\/\/twitter.com\/j_langkilde\">@j_langkilde<\/a> og <a href=\"https:\/\/twitter.com\/LordBCSR\">@LordBCSR<\/a> har i september 2023 fremlagt ovenst\u00e5ende forfatningsretlige problemstillinger for Folketingets Sundhedsudvalg og \u00a7 71 Tilsynet der har videresendt sagen til Retsudvalget. Retsudvalget \u00f8nsker ikke at modtage Patientforeningens foretr\u00e6de om dette taburiserede emne. De retlige muligheder i EU-medlemsstaten Danmark er derfor udt\u00f8mt. Danmark har ikke stats-immunitet mod kritk fra mellemstatelige organer, hvorfor forskellige individuelle retsstatsklager til Europar\u00e5det (PACE) samt FN over Danmarks retsl\u00f8se forhold er under udarbejdelse. <br><br>I et samfund, hvor folk ikke bliver straffet for at snyde, vil folket blive demoraliseret. <br>Dette er demoralisering af befolkningen. <br>Dette er biologisk og retlig krigsf\u00f8relse mod befolkningen. <br><br>Se pressemeddelelse 2022 <br><br><a href=\"https:\/\/t.co\/zvLhjWmGdi\" target=\"_blank\" rel=\"noreferrer noopener\">https:\/\/lordbcsr.com\/?page_id=1709<\/a><br><br><br>Niels J\u00f8rgen Langkilde: <br><br><a href=\"https:\/\/t.co\/NP0RGFGrBN\" target=\"_blank\" rel=\"noreferrer noopener\"> https:\/\/patientforeningen.dk\/nyheder.aspx<\/a><\/p>\n\n\n\n<p><br>Press Release February 2024:  <br><br><a href=\"https:\/\/x.com\/LordBCSR\/status\/1756321325516206567?s=20\" target=\"_blank\" rel=\"noreferrer noopener\">https:\/\/x.com\/LordBCSR\/status\/1756321325516206567?s=20<\/a><\/p>\n\n\n\n<p><br>Communiqu\u00e9 de presse f\u00e9vrier 2024: <br><br><a href=\"https:\/\/x.com\/LordBCSR\/status\/1756370474647294275?s=20\" target=\"_blank\" rel=\"noreferrer noopener\">https:\/\/x.com\/LordBCSR\/status\/1756370474647294275?s=20<\/a><br><\/p>\n\n\n\n<figure class=\"wp-block-image size-medium is-resized\"><a href=\"https:\/\/lordbcsr.com\/wp-content\/uploads\/2024\/02\/line-9.png\"><img loading=\"lazy\" decoding=\"async\" width=\"300\" height=\"1\" src=\"https:\/\/lordbcsr.com\/wp-content\/uploads\/2024\/02\/line-9-300x1.png\" alt=\"\" class=\"wp-image-2228\" style=\"width:1000px\" srcset=\"https:\/\/lordbcsr.com\/wp-content\/uploads\/2024\/02\/line-9-300x1.png 300w, https:\/\/lordbcsr.com\/wp-content\/uploads\/2024\/02\/line-9-768x2.png 768w, https:\/\/lordbcsr.com\/wp-content\/uploads\/2024\/02\/line-9.png 1000w\" sizes=\"auto, (max-width: 300px) 100vw, 300px\" \/><\/a><\/figure>\n\n\n\n<figure class=\"wp-block-image size-full\"><a href=\"https:\/\/lordbcsr.com\/wp-content\/uploads\/2024\/02\/8.-EUR-Lex-12008E_AFI_DCL_17-EN_-Dr.-Jur-Marlene-Wind-1.png\"><img loading=\"lazy\" decoding=\"async\" width=\"1000\" height=\"631\" src=\"https:\/\/lordbcsr.com\/wp-content\/uploads\/2024\/02\/8.-EUR-Lex-12008E_AFI_DCL_17-EN_-Dr.-Jur-Marlene-Wind-1.png\" alt=\"\" class=\"wp-image-2215\" srcset=\"https:\/\/lordbcsr.com\/wp-content\/uploads\/2024\/02\/8.-EUR-Lex-12008E_AFI_DCL_17-EN_-Dr.-Jur-Marlene-Wind-1.png 1000w, https:\/\/lordbcsr.com\/wp-content\/uploads\/2024\/02\/8.-EUR-Lex-12008E_AFI_DCL_17-EN_-Dr.-Jur-Marlene-Wind-1-300x189.png 300w, https:\/\/lordbcsr.com\/wp-content\/uploads\/2024\/02\/8.-EUR-Lex-12008E_AFI_DCL_17-EN_-Dr.-Jur-Marlene-Wind-1-768x485.png 768w\" sizes=\"auto, (max-width: 706px) 89vw, (max-width: 767px) 82vw, 740px\" \/><\/a><\/figure>\n\n\n\n<p class=\"has-text-align-right\">Source: Peer Reviewed Paper <a href=\"https:\/\/politicalscience.ku.dk\/staff\/Academic_staff\/?pure=en\/persons\/161668\" target=\"_blank\" rel=\"noreferrer noopener\">Dr. jur. M Wind<\/a>, ICourt EU-Memberstate, Denmark<\/p>\n","protected":false},"excerpt":{"rendered":"<p>Den chokerende arv fra fortiden: Efterspillet af eugenik i dagens sundhedsv\u00e6sen! I dansk psykiatri k\u00e6mpes der ikke blot med diagnostiske udfordringer, men ogs\u00e5 med alvorlige strukturelle national-retligt regulerede GDPR-problemstillinger i databeskyttelsesforordningen (profilering som sindssyg artikel 6.1 litra f), 21.1), der underminerer patienternes rettigheder og forhindrer den h\u00f8jest opn\u00e5elige sundhed. Den tvangspr\u00e6gede tilgang, der tilsides\u00e6tter individuelle &hellip; <\/p>\n<p class=\"link-more\"><a href=\"https:\/\/lordbcsr.com\/?page_id=2195\" class=\"more-link\">Continue reading<span class=\"screen-reader-text\"> &#8220;PRESSEMEDDELELSE FEBRUAR 2024&#8221;<\/span><\/a><\/p>\n","protected":false},"author":1,"featured_media":0,"parent":0,"menu_order":0,"comment_status":"closed","ping_status":"closed","template":"","meta":{"footnotes":""},"class_list":["post-2195","page","type-page","status-publish","hentry"],"_links":{"self":[{"href":"https:\/\/lordbcsr.com\/index.php?rest_route=\/wp\/v2\/pages\/2195","targetHints":{"allow":["GET"]}}],"collection":[{"href":"https:\/\/lordbcsr.com\/index.php?rest_route=\/wp\/v2\/pages"}],"about":[{"href":"https:\/\/lordbcsr.com\/index.php?rest_route=\/wp\/v2\/types\/page"}],"author":[{"embeddable":true,"href":"https:\/\/lordbcsr.com\/index.php?rest_route=\/wp\/v2\/users\/1"}],"replies":[{"embeddable":true,"href":"https:\/\/lordbcsr.com\/index.php?rest_route=%2Fwp%2Fv2%2Fcomments&post=2195"}],"version-history":[{"count":27,"href":"https:\/\/lordbcsr.com\/index.php?rest_route=\/wp\/v2\/pages\/2195\/revisions"}],"predecessor-version":[{"id":2271,"href":"https:\/\/lordbcsr.com\/index.php?rest_route=\/wp\/v2\/pages\/2195\/revisions\/2271"}],"wp:attachment":[{"href":"https:\/\/lordbcsr.com\/index.php?rest_route=%2Fwp%2Fv2%2Fmedia&parent=2195"}],"curies":[{"name":"wp","href":"https:\/\/api.w.org\/{rel}","templated":true}]}}