{"id":1903,"date":"2022-03-26T10:53:26","date_gmt":"2022-03-26T10:53:26","guid":{"rendered":"https:\/\/lordbcsr.com\/?page_id=1903"},"modified":"2025-04-09T07:27:01","modified_gmt":"2025-04-09T07:27:01","slug":"pressemeddelelse-14-marts-2022","status":"publish","type":"page","link":"https:\/\/lordbcsr.com\/?page_id=1903","title":{"rendered":"PRESSEMEDDELELSE 14. MARTS, 2022"},"content":{"rendered":"\n<figure class=\"wp-block-image size-large\"><a href=\"https:\/\/lordbcsr.com\/wp-content\/uploads\/2022\/03\/Legenden-om-Lord-B-1.jpg\"><img loading=\"lazy\" decoding=\"async\" width=\"1024\" height=\"526\" src=\"https:\/\/lordbcsr.com\/wp-content\/uploads\/2022\/03\/Legenden-om-Lord-B-1-1024x526.jpg\" alt=\"\" class=\"wp-image-1920\" srcset=\"https:\/\/lordbcsr.com\/wp-content\/uploads\/2022\/03\/Legenden-om-Lord-B-1-1024x526.jpg 1024w, https:\/\/lordbcsr.com\/wp-content\/uploads\/2022\/03\/Legenden-om-Lord-B-1-300x154.jpg 300w, https:\/\/lordbcsr.com\/wp-content\/uploads\/2022\/03\/Legenden-om-Lord-B-1-768x394.jpg 768w, https:\/\/lordbcsr.com\/wp-content\/uploads\/2022\/03\/Legenden-om-Lord-B-1-1536x788.jpg 1536w, https:\/\/lordbcsr.com\/wp-content\/uploads\/2022\/03\/Legenden-om-Lord-B-1.jpg 1800w\" sizes=\"auto, (max-width: 706px) 89vw, (max-width: 767px) 82vw, 740px\" \/><\/a><\/figure>\n\n\n\n<h1 class=\"wp-block-heading\">Da en papeg\u00f8je tog sagen i eget n\u00e6b!<\/h1>\n\n\n\n<h2 class=\"wp-block-heading\">Dyr er naturambassad\u00f8rer, i denne nye e- og lydbog, Legenden om Lord B \u2013 en tankev\u00e6kkende novella skrevet af den danske Indie-forfatter, designer og CSR-konsulent Hans-Henrik Juhl, hvor b\u00e5de b\u00f8rn og voksne kan udforske n\u00e6rv\u00e6rende milj\u00f8krise og tab af biodiversitet gennem vores hovedperson Lord B&#8217;s stemme \u2013 en gr\u00f8n Amazone-papeg\u00f8je.<\/h2>\n\n\n\n<p>Denne modige og nysgerrige skabning er bekymret for fremtiden, da han ser tr\u00e6er i sit regnskovshjem bliver f\u00e6ldet. Bekymret for sig selv, sin familie og sine venner, s\u00e6tter han sig for at finde ud af, hvem der st\u00e5r bag det, og hvad der kan g\u00f8res.<\/p>\n\n\n\n<p>Lord B forlader regnskoven og begiver sig ud p\u00e5 et stort eventyr. Han oplever og l\u00e6rer om verden uden for sin skov og her m\u00f8der han mange nye dyrevenner, men opdager ogs\u00e5 den ene milj\u00f8trussel efter den anden. Det st\u00e5r klart, at det ikke kun er i regnskoven der er problemer. Forurenede floder, plastaffald, olieudslip, opvarmning af havet&#8230; alle disse presserende sp\u00f8rgsm\u00e5l f\u00e5r ny relevans, n\u00e5r de ses gennem \u00f8jnene p\u00e5 denne modige og nysgerrige fugl.<\/p>\n\n\n\n<p>Langt fra moralistisk i tonen, er dette en bog, der bringer komplekse sp\u00f8rgsm\u00e5l ned i b\u00f8rneh\u00f8jde. Det er en god opl\u00e6sningsbog til at starte de store samtaler. Det overordnede budskab vedr\u00f8rer hele menneskeheden uanset alder, og alle kan f\u00f8le med Lord B, n\u00e5r hans \u00f8jne \u00e5bner sig, mens han fors\u00f8ger at finde sandheden i en kompleks verden.<\/p>\n\n\n\n<p>Dette er en bog, der fungerer p\u00e5 flere semiotiske niveauer \u2013 b\u00e5de tekstm\u00e6ssigt og visuelt. Det er usandsynligt, at l\u00e6re voksne noget nyt, men denne historie kan minde os om, at se tilbage p\u00e5 vores kollektive \u00f8kologiske fodtrin og opm\u00e6rksomt lytte til den naturlige verden \u2013 vi alle har ansvar for denne planet, vi kalder vort hjem, og bidrage til dens velbefindende. <\/p>\n\n\n\n<p>Legenden om Lord B er nu tilg\u00e6ngelig som e-bog p\u00e5 alle st\u00f8rre boghandelsplatforme i en director\u2019s cut bonus version med 50+ smukke illustrationer \u2013 skabt af h\u00e5ndplukkede internationale milj\u00f8-bekymrede kunstnere fra hele verden. Lydbogen er forn\u00f8jeligt opl\u00e6st af to musikere; p\u00e5 dansk af Kim Munk, forsanger i The Broken Beats- og p\u00e5 engelsk af NZ-rapper Daniel Kittow.<\/p>\n\n\n\n<figure class=\"wp-block-embed is-type-video is-provider-youtube wp-block-embed-youtube wp-embed-aspect-16-9 wp-has-aspect-ratio\"><div class=\"wp-block-embed__wrapper\">\n<iframe loading=\"lazy\" title=\"Legenden om Lord B - find den p\u00e5 eReolen.dk\" width=\"525\" height=\"295\" src=\"https:\/\/www.youtube.com\/embed\/Cf6hkh6U4YA?feature=oembed\" frameborder=\"0\" allow=\"accelerometer; autoplay; clipboard-write; encrypted-media; gyroscope; picture-in-picture; web-share\" referrerpolicy=\"strict-origin-when-cross-origin\" allowfullscreen><\/iframe>\n<\/div><\/figure>\n\n\n\n<p><\/p>\n\n\n\n<p>NYTTIGE OPLYSNINGER: <br><br>Hvor kan du finde Legenden om Lord B: <a href=\"https:\/\/libro.fm\/search?q=Hans-Henrik+Juhl&amp;searchby=authors\">Libro.fm<\/a>, <a href=\"https:\/\/www.smashwords.com\/profile\/view\/LBpublishing\">Smashwords.com<\/a> samt hos alle st\u00f8rre boghandlere, biblioteker og <a href=\"https:\/\/ereolen.dk\/search\/ting\/phrase.creator%3D%22Hans-Henrik%20Juhl%22\" data-type=\"URL\" data-id=\"https:\/\/ereolen.dk\/search\/ting\/phrase.creator%3D%22Hans-Henrik%20Juhl%22\" target=\"_blank\" rel=\"noreferrer noopener\">eReolen<\/a>. <br><br>Udgivelsesdato: <strong>14.03.2022 <\/strong><br><br>Sprog: dansk, engelsk, tysk, fransk<br><br>Titel: <em>Legenden om Lord B<\/em> <br>Undertitel: <em>Historien om en papeg\u00f8je der tog aff\u00e6re<\/em><br><br>Title: <em>The Legend of Lord B<\/em><br>Subtitle: <em>The story of a parrot who took action<\/em><br><br>Titel: <em>Die Legende von Lord B<\/em><br>Untertitel: <em>Die Geschichte eines Papageis, der handelte<\/em><br><br>Titre: <em>La Legende de Lord B<\/em><br>Sous-titre: <em>L&#8217;histoire d&#8217;un perroquet qui a agi<\/em><\/p>\n\n\n\n<p>Format e-bog: epub <\/p>\n\n\n\n<p>ISBN e-bog dansk version: <a href=\"https:\/\/www.smashwords.com\/books\/view\/1136248\">978-87-999908-1-8<\/a> <br>ISBN e-bog engelsk version: <a href=\"https:\/\/www.smashwords.com\/books\/view\/1136254\">978-87-999908-2-5<\/a><br>ISBN e-bog tysk version: 97887-976115-0-0<br>ISBN e-bog fransk version:  <a href=\"https:\/\/www.smashwords.com\/books\/1741754\">97887-999908-5-6<\/a><\/p>\n\n\n\n<p>Format lydbog: FLAC<\/p>\n\n\n\n<p>ISBN audio-bog dansk version: <a href=\"https:\/\/libro.fm\/audiobooks\/9788799990832-legenden-om-lord-b\">978-87-999908-3-2<\/a><br>ISBN audio-bog engelsk version: <a href=\"https:\/\/libro.fm\/audiobooks\/9788799990849-the-legend-of-lord-b\">978-87-999908-4-9<\/a> <\/p>\n\n\n\n<p>Udgiver: <a href=\"https:\/\/www.lordbplanetrescue.org\/\">Lordbplanetrescue.org<\/a>, Danmark <\/p>\n\n\n\n<p>Produktion: <a href=\"https:\/\/lordbcsr.com\/\">Lordbcsr.com<\/a><\/p>\n\n\n\n<p><strong>For yderligere information kontakt:<\/strong><\/p>\n\n\n\n<p><strong>Navn:<\/strong> Hans-Henrik Juhl<br><strong>Telefon:<\/strong> +45 5127 4152<br><strong>E-mail: <\/strong><a href=\"mailto:hh@lordbcsr.com\">hh@lordbcsr.com<\/a><\/p>\n\n\n\n<p><strong>Pressemeddelelse sendt af:<\/strong><\/p>\n\n\n\n<p>J Consult<br>Vaarkjaervej 22<br>DK-8260 Viby J<\/p>\n\n\n\n<p><strong>Telefon: <\/strong>+45 5127 4152<br><strong>E-mail: <\/strong><a href=\"mailto:info@lordbcsr.com\">info@lordbcsr.com<\/a><br><strong>Internet: <\/strong><a rel=\"noreferrer noopener\" href=\"https:\/\/www.lordbcsr.com\" target=\"_blank\">Lordbcsr.com<\/a><\/p>\n","protected":false},"excerpt":{"rendered":"<p>Da en papeg\u00f8je tog sagen i eget n\u00e6b! Dyr er naturambassad\u00f8rer, i denne nye e- og lydbog, Legenden om Lord B \u2013 en tankev\u00e6kkende novella skrevet af den danske Indie-forfatter, designer og CSR-konsulent Hans-Henrik Juhl, hvor b\u00e5de b\u00f8rn og voksne kan udforske n\u00e6rv\u00e6rende milj\u00f8krise og tab af biodiversitet gennem vores hovedperson Lord B&#8217;s stemme \u2013 &hellip; <\/p>\n<p class=\"link-more\"><a href=\"https:\/\/lordbcsr.com\/?page_id=1903\" class=\"more-link\">Continue reading<span class=\"screen-reader-text\"> &#8220;PRESSEMEDDELELSE 14. MARTS, 2022&#8221;<\/span><\/a><\/p>\n","protected":false},"author":1,"featured_media":0,"parent":0,"menu_order":0,"comment_status":"closed","ping_status":"closed","template":"","meta":{"footnotes":""},"class_list":["post-1903","page","type-page","status-publish","hentry"],"_links":{"self":[{"href":"https:\/\/lordbcsr.com\/index.php?rest_route=\/wp\/v2\/pages\/1903","targetHints":{"allow":["GET"]}}],"collection":[{"href":"https:\/\/lordbcsr.com\/index.php?rest_route=\/wp\/v2\/pages"}],"about":[{"href":"https:\/\/lordbcsr.com\/index.php?rest_route=\/wp\/v2\/types\/page"}],"author":[{"embeddable":true,"href":"https:\/\/lordbcsr.com\/index.php?rest_route=\/wp\/v2\/users\/1"}],"replies":[{"embeddable":true,"href":"https:\/\/lordbcsr.com\/index.php?rest_route=%2Fwp%2Fv2%2Fcomments&post=1903"}],"version-history":[{"count":26,"href":"https:\/\/lordbcsr.com\/index.php?rest_route=\/wp\/v2\/pages\/1903\/revisions"}],"predecessor-version":[{"id":2383,"href":"https:\/\/lordbcsr.com\/index.php?rest_route=\/wp\/v2\/pages\/1903\/revisions\/2383"}],"wp:attachment":[{"href":"https:\/\/lordbcsr.com\/index.php?rest_route=%2Fwp%2Fv2%2Fmedia&parent=1903"}],"curies":[{"name":"wp","href":"https:\/\/api.w.org\/{rel}","templated":true}]}}