{"id":1806,"date":"2022-03-16T12:42:45","date_gmt":"2022-03-16T12:42:45","guid":{"rendered":"https:\/\/lordbcsr.com\/?page_id=1806"},"modified":"2024-04-15T05:27:22","modified_gmt":"2024-04-15T05:27:22","slug":"pressemeddelelse-31-august-2018","status":"publish","type":"page","link":"https:\/\/lordbcsr.com\/?page_id=1806","title":{"rendered":"PRESSEMEDDELELSE 31. AUGUST 2018"},"content":{"rendered":"\n<h1 class=\"wp-block-heading\"><strong>En sv\u00e6r n\u00f8d at kn\u00e6kke<\/strong><\/h1>\n\n\n\n<h3 class=\"wp-block-heading\"><strong>Milj\u00f8et er truet og klimaforandringerne synes klart at v\u00e6re begyndt at vise t\u00e6nder. I det lys afholder brandet A Denim Project (<a href=\"https:\/\/berlinordic.com\/2015\/09\/15\/denim-project-opening-in-berlin\/\" data-type=\"URL\" data-id=\"https:\/\/berlinordic.com\/2015\/09\/15\/denim-project-opening-in-berlin\/\" target=\"_blank\" rel=\"noreferrer noopener\">ADP<\/a>) en klima-weekend den 1.-2. september 2018, hvor der bliver sat fokus p\u00e5 de mange udfordringer vi m\u00f8der via truslerne p\u00e5 milj\u00f8- og klimafronten. Aktiviteterne foreg\u00e5r p\u00e5 REFFEN &#8211; K\u00f8benhavns nye kreative \u2019legeplads\u2019 p\u00e5 Refshalevej 167.<\/strong><\/h3>\n\n\n\n<figure class=\"wp-block-image size-large\"><a href=\"https:\/\/lordbcsr.com\/wp-content\/uploads\/2022\/03\/36200059_1022384477920008_824965343846858752_n.jpg\"><img loading=\"lazy\" decoding=\"async\" width=\"1024\" height=\"682\" src=\"https:\/\/lordbcsr.com\/wp-content\/uploads\/2022\/03\/36200059_1022384477920008_824965343846858752_n-1024x682.jpg\" alt=\"\" class=\"wp-image-1852\" srcset=\"https:\/\/lordbcsr.com\/wp-content\/uploads\/2022\/03\/36200059_1022384477920008_824965343846858752_n-1024x682.jpg 1024w, https:\/\/lordbcsr.com\/wp-content\/uploads\/2022\/03\/36200059_1022384477920008_824965343846858752_n-300x200.jpg 300w, https:\/\/lordbcsr.com\/wp-content\/uploads\/2022\/03\/36200059_1022384477920008_824965343846858752_n-768x511.jpg 768w, https:\/\/lordbcsr.com\/wp-content\/uploads\/2022\/03\/36200059_1022384477920008_824965343846858752_n-1536x1022.jpg 1536w, https:\/\/lordbcsr.com\/wp-content\/uploads\/2022\/03\/36200059_1022384477920008_824965343846858752_n.jpg 1803w\" sizes=\"auto, (max-width: 706px) 89vw, (max-width: 767px) 82vw, 740px\" \/><\/a><\/figure>\n\n\n\n<p>For hardcore milj\u00f8-entusiasterne starter weekenden l\u00f8rdag den 1. september kl 12, med 45 minutters turbo opsamling af affald\/plastik p\u00e5 Reffens arealer. Kl 13 (b\u00e5de l\u00f8rdag og s\u00f8ndag) er der opl\u00e6sning i b\u00f8rneh\u00f8jde. F\u00f8rst pr\u00e6senterer forfatter Hans-Henrik Juhl sin b\u00f8rnebog &#8216;Legenden om Lord B&#8217;. Dern\u00e6st vil skuespiller Rasmus Reiersen l\u00e6se op fra udvalgte kapitler i bogen. Opl\u00e6sningen vil undervejs blive krydret med et par Lord B sange, sunget af protestsanger Per Bo.<\/p>\n\n\n\n<figure class=\"wp-block-image size-large is-resized\"><a href=\"https:\/\/lordbcsr.com\/wp-content\/uploads\/2022\/03\/40646287_2010993522298704_8576385473419673600_n.jpg\"><img loading=\"lazy\" decoding=\"async\" width=\"768\" height=\"1024\" src=\"https:\/\/lordbcsr.com\/wp-content\/uploads\/2022\/03\/40646287_2010993522298704_8576385473419673600_n-768x1024.jpg\" alt=\"\" class=\"wp-image-1895\" style=\"width:384px;height:512px\" srcset=\"https:\/\/lordbcsr.com\/wp-content\/uploads\/2022\/03\/40646287_2010993522298704_8576385473419673600_n-768x1024.jpg 768w, https:\/\/lordbcsr.com\/wp-content\/uploads\/2022\/03\/40646287_2010993522298704_8576385473419673600_n-225x300.jpg 225w, https:\/\/lordbcsr.com\/wp-content\/uploads\/2022\/03\/40646287_2010993522298704_8576385473419673600_n-1152x1536.jpg 1152w, https:\/\/lordbcsr.com\/wp-content\/uploads\/2022\/03\/40646287_2010993522298704_8576385473419673600_n.jpg 1530w\" sizes=\"auto, (max-width: 706px) 89vw, (max-width: 767px) 82vw, 740px\" \/><\/a><\/figure>\n\n\n\n<p>Legenden om Lord B handler om en Amazone-papeg\u00f8je, der flyver ud i verden for at finde ud af hvem der har bestemt at hans regnskov skal f\u00e6ldes. Han kommer vidt omkring og opdager mange andre trusler mod naturen end lige netop skovf\u00e6ldningen. Her m\u00f8der han en hel masse forskellige dyr, der som han selv, trues p\u00e5 deres livsbetingelser af den milj\u00f8forurening der sniger sig ind p\u00e5 dem.<\/p>\n\n\n\n<figure class=\"wp-block-image size-large\"><a href=\"https:\/\/lordbcsr.com\/wp-content\/uploads\/2024\/04\/ADP-Reffen-Legenden-om-Lord-B-2018.jpeg\"><img loading=\"lazy\" decoding=\"async\" width=\"1024\" height=\"681\" src=\"https:\/\/lordbcsr.com\/wp-content\/uploads\/2024\/04\/ADP-Reffen-Legenden-om-Lord-B-2018-1024x681.jpeg\" alt=\"\" class=\"wp-image-2245\" srcset=\"https:\/\/lordbcsr.com\/wp-content\/uploads\/2024\/04\/ADP-Reffen-Legenden-om-Lord-B-2018-1024x681.jpeg 1024w, https:\/\/lordbcsr.com\/wp-content\/uploads\/2024\/04\/ADP-Reffen-Legenden-om-Lord-B-2018-300x200.jpeg 300w, https:\/\/lordbcsr.com\/wp-content\/uploads\/2024\/04\/ADP-Reffen-Legenden-om-Lord-B-2018-768x511.jpeg 768w, https:\/\/lordbcsr.com\/wp-content\/uploads\/2024\/04\/ADP-Reffen-Legenden-om-Lord-B-2018-1536x1022.jpeg 1536w, https:\/\/lordbcsr.com\/wp-content\/uploads\/2024\/04\/ADP-Reffen-Legenden-om-Lord-B-2018.jpeg 2048w\" sizes=\"auto, (max-width: 706px) 89vw, (max-width: 767px) 82vw, 740px\" \/><\/a><\/figure>\n\n\n\n<p>Bogen s\u00e6lges p\u00e5 stedet \u2013 naturligvis signeret af forfatteren, og 20 kr pr. solgt eksemplar g\u00e5r til bevarelse af regnskoven via  <a rel=\"noreferrer noopener\" href=\"https:\/\/www.worldlandtrust.org\/\" data-type=\"URL\" data-id=\"https:\/\/www.worldlandtrust.org\/\" target=\"_blank\">World Land Trust<\/a>.&nbsp;Sidel\u00f8bende med disse aktiviteter vil ADP pr\u00e6sentere sin nyeste b\u00e6redygtige kollektion af basic wear, mens den mobile fris\u00f8rsalon <a rel=\"noreferrer noopener\" href=\"https:\/\/www.facebook.com\/Hvorduvil.dk\" data-type=\"URL\" data-id=\"https:\/\/www.facebook.com\/Hvorduvil.dk\" target=\"_blank\">hvorduvil.dk<\/a> &#8211; b\u00e5de l\u00f8rdag og s\u00f8ndag mellem kl. 15 og 18, vil klippe penge ind til regnskoven. Overskuddet herfra g\u00e5r ubesk\u00e5ret til et restaurerings-tr\u00e6plantningsprojekt i et fuglereservat i den atlantiske brasilianske regnskov. &nbsp;<\/p>\n\n\n\n<p>Se mere om den beslutsomme papeg\u00f8je  p\u00e5 <a href=\"https:\/\/www.lordbplanetrescue.org\/\">Lordb.eu<\/a>.<\/p>\n\n\n\n<div class=\"wp-block-group\"><div class=\"wp-block-group__inner-container is-layout-flow wp-block-group-is-layout-flow\">\n<figure class=\"wp-block-embed is-type-rich is-provider-soundcloud wp-block-embed-soundcloud\"><div class=\"wp-block-embed__wrapper\">\n<iframe loading=\"lazy\" title=\"FLY LIKE B feauturing Per Bo - live by Lord B Records\" width=\"525\" height=\"400\" scrolling=\"no\" frameborder=\"no\" src=\"https:\/\/w.soundcloud.com\/player\/?visual=true&#038;url=https%3A%2F%2Fapi.soundcloud.com%2Ftracks%2F983517982&#038;show_artwork=true&#038;maxheight=788&#038;maxwidth=525\"><\/iframe>\n<\/div><\/figure>\n\n\n\n<figure class=\"wp-block-gallery has-nested-images columns-default is-cropped wp-block-gallery-1 is-layout-flex wp-block-gallery-is-layout-flex\">\n<figure class=\"wp-block-image size-large\"><a href=\"https:\/\/lordbcsr.com\/wp-content\/uploads\/2022\/03\/36177113_1022384214586701_7028443169331085312_n.jpg\"><img loading=\"lazy\" decoding=\"async\" width=\"681\" height=\"1024\" data-id=\"1847\" src=\"https:\/\/lordbcsr.com\/wp-content\/uploads\/2022\/03\/36177113_1022384214586701_7028443169331085312_n-681x1024.jpg\" alt=\"\" class=\"wp-image-1847\" srcset=\"https:\/\/lordbcsr.com\/wp-content\/uploads\/2022\/03\/36177113_1022384214586701_7028443169331085312_n-681x1024.jpg 681w, https:\/\/lordbcsr.com\/wp-content\/uploads\/2022\/03\/36177113_1022384214586701_7028443169331085312_n-200x300.jpg 200w, https:\/\/lordbcsr.com\/wp-content\/uploads\/2022\/03\/36177113_1022384214586701_7028443169331085312_n-768x1155.jpg 768w, https:\/\/lordbcsr.com\/wp-content\/uploads\/2022\/03\/36177113_1022384214586701_7028443169331085312_n.jpg 798w\" sizes=\"auto, (max-width: 681px) 100vw, 681px\" \/><\/a><\/figure>\n\n\n\n<figure class=\"wp-block-image size-large\"><a href=\"https:\/\/lordbcsr.com\/wp-content\/uploads\/2022\/03\/38011677_1058111524347303_7579916059604418560_n-1.jpg\"><img loading=\"lazy\" decoding=\"async\" width=\"681\" height=\"1024\" data-id=\"1874\" src=\"https:\/\/lordbcsr.com\/wp-content\/uploads\/2022\/03\/38011677_1058111524347303_7579916059604418560_n-1-681x1024.jpg\" alt=\"\" class=\"wp-image-1874\" srcset=\"https:\/\/lordbcsr.com\/wp-content\/uploads\/2022\/03\/38011677_1058111524347303_7579916059604418560_n-1-681x1024.jpg 681w, https:\/\/lordbcsr.com\/wp-content\/uploads\/2022\/03\/38011677_1058111524347303_7579916059604418560_n-1-200x300.jpg 200w, https:\/\/lordbcsr.com\/wp-content\/uploads\/2022\/03\/38011677_1058111524347303_7579916059604418560_n-1-768x1155.jpg 768w, https:\/\/lordbcsr.com\/wp-content\/uploads\/2022\/03\/38011677_1058111524347303_7579916059604418560_n-1-1022x1536.jpg 1022w, https:\/\/lordbcsr.com\/wp-content\/uploads\/2022\/03\/38011677_1058111524347303_7579916059604418560_n-1.jpg 1362w\" sizes=\"auto, (max-width: 681px) 100vw, 681px\" \/><\/a><\/figure>\n\n\n\n<figure class=\"wp-block-image size-large\"><a href=\"https:\/\/lordbcsr.com\/wp-content\/uploads\/2022\/03\/36231254_1022384121253377_5923548775007125504_n.jpg\"><img loading=\"lazy\" decoding=\"async\" width=\"681\" height=\"1024\" data-id=\"1851\" src=\"https:\/\/lordbcsr.com\/wp-content\/uploads\/2022\/03\/36231254_1022384121253377_5923548775007125504_n-681x1024.jpg\" alt=\"\" class=\"wp-image-1851\" srcset=\"https:\/\/lordbcsr.com\/wp-content\/uploads\/2022\/03\/36231254_1022384121253377_5923548775007125504_n-681x1024.jpg 681w, https:\/\/lordbcsr.com\/wp-content\/uploads\/2022\/03\/36231254_1022384121253377_5923548775007125504_n-200x300.jpg 200w, https:\/\/lordbcsr.com\/wp-content\/uploads\/2022\/03\/36231254_1022384121253377_5923548775007125504_n-768x1155.jpg 768w, https:\/\/lordbcsr.com\/wp-content\/uploads\/2022\/03\/36231254_1022384121253377_5923548775007125504_n.jpg 798w\" sizes=\"auto, (max-width: 681px) 100vw, 681px\" \/><\/a><\/figure>\n\n\n\n<figure class=\"wp-block-image size-large\"><a href=\"https:\/\/lordbcsr.com\/wp-content\/uploads\/2022\/03\/36223008_1022384811253308_6817014350394425344_n.jpg\"><img loading=\"lazy\" decoding=\"async\" width=\"1024\" height=\"682\" data-id=\"1883\" src=\"https:\/\/lordbcsr.com\/wp-content\/uploads\/2022\/03\/36223008_1022384811253308_6817014350394425344_n-1024x682.jpg\" alt=\"\" class=\"wp-image-1883\" srcset=\"https:\/\/lordbcsr.com\/wp-content\/uploads\/2022\/03\/36223008_1022384811253308_6817014350394425344_n-1024x682.jpg 1024w, https:\/\/lordbcsr.com\/wp-content\/uploads\/2022\/03\/36223008_1022384811253308_6817014350394425344_n-300x200.jpg 300w, https:\/\/lordbcsr.com\/wp-content\/uploads\/2022\/03\/36223008_1022384811253308_6817014350394425344_n-768x511.jpg 768w, https:\/\/lordbcsr.com\/wp-content\/uploads\/2022\/03\/36223008_1022384811253308_6817014350394425344_n-1536x1022.jpg 1536w, https:\/\/lordbcsr.com\/wp-content\/uploads\/2022\/03\/36223008_1022384811253308_6817014350394425344_n.jpg 1803w\" sizes=\"auto, (max-width: 706px) 89vw, (max-width: 767px) 82vw, 740px\" \/><\/a><\/figure>\n\n\n\n<figure class=\"wp-block-image size-large\"><a href=\"https:\/\/lordbcsr.com\/wp-content\/uploads\/2022\/03\/LordBCSR_REFFEN4.jpg\"><img loading=\"lazy\" decoding=\"async\" width=\"1024\" height=\"681\" data-id=\"1812\" src=\"https:\/\/lordbcsr.com\/wp-content\/uploads\/2022\/03\/LordBCSR_REFFEN4-1024x681.jpg\" alt=\"\" class=\"wp-image-1812\" srcset=\"https:\/\/lordbcsr.com\/wp-content\/uploads\/2022\/03\/LordBCSR_REFFEN4-1024x681.jpg 1024w, https:\/\/lordbcsr.com\/wp-content\/uploads\/2022\/03\/LordBCSR_REFFEN4-300x200.jpg 300w, https:\/\/lordbcsr.com\/wp-content\/uploads\/2022\/03\/LordBCSR_REFFEN4-768x511.jpg 768w, https:\/\/lordbcsr.com\/wp-content\/uploads\/2022\/03\/LordBCSR_REFFEN4-1536x1022.jpg 1536w, https:\/\/lordbcsr.com\/wp-content\/uploads\/2022\/03\/LordBCSR_REFFEN4.jpg 2048w\" sizes=\"auto, (max-width: 706px) 89vw, (max-width: 767px) 82vw, 740px\" \/><\/a><\/figure>\n\n\n\n<figure class=\"wp-block-image size-large\"><a href=\"https:\/\/lordbcsr.com\/wp-content\/uploads\/2022\/03\/LordBCSR_REFFEN3.jpg\"><img loading=\"lazy\" decoding=\"async\" width=\"1024\" height=\"681\" data-id=\"1811\" src=\"https:\/\/lordbcsr.com\/wp-content\/uploads\/2022\/03\/LordBCSR_REFFEN3-1024x681.jpg\" alt=\"\" class=\"wp-image-1811\" srcset=\"https:\/\/lordbcsr.com\/wp-content\/uploads\/2022\/03\/LordBCSR_REFFEN3-1024x681.jpg 1024w, https:\/\/lordbcsr.com\/wp-content\/uploads\/2022\/03\/LordBCSR_REFFEN3-300x200.jpg 300w, https:\/\/lordbcsr.com\/wp-content\/uploads\/2022\/03\/LordBCSR_REFFEN3-768x511.jpg 768w, https:\/\/lordbcsr.com\/wp-content\/uploads\/2022\/03\/LordBCSR_REFFEN3-1536x1022.jpg 1536w, https:\/\/lordbcsr.com\/wp-content\/uploads\/2022\/03\/LordBCSR_REFFEN3.jpg 2048w\" sizes=\"auto, (max-width: 706px) 89vw, (max-width: 767px) 82vw, 740px\" \/><\/a><\/figure>\n\n\n\n<figure class=\"wp-block-image size-large\"><a href=\"https:\/\/lordbcsr.com\/wp-content\/uploads\/2022\/03\/LordBCSR_REFFEN2.jpg\"><img loading=\"lazy\" decoding=\"async\" width=\"1024\" height=\"681\" data-id=\"1810\" src=\"https:\/\/lordbcsr.com\/wp-content\/uploads\/2022\/03\/LordBCSR_REFFEN2-1024x681.jpg\" alt=\"\" class=\"wp-image-1810\" srcset=\"https:\/\/lordbcsr.com\/wp-content\/uploads\/2022\/03\/LordBCSR_REFFEN2-1024x681.jpg 1024w, https:\/\/lordbcsr.com\/wp-content\/uploads\/2022\/03\/LordBCSR_REFFEN2-300x200.jpg 300w, https:\/\/lordbcsr.com\/wp-content\/uploads\/2022\/03\/LordBCSR_REFFEN2-768x511.jpg 768w, https:\/\/lordbcsr.com\/wp-content\/uploads\/2022\/03\/LordBCSR_REFFEN2-1536x1022.jpg 1536w, https:\/\/lordbcsr.com\/wp-content\/uploads\/2022\/03\/LordBCSR_REFFEN2.jpg 2048w\" sizes=\"auto, (max-width: 706px) 89vw, (max-width: 767px) 82vw, 740px\" \/><\/a><\/figure>\n\n\n\n<figure class=\"wp-block-image size-large\"><a href=\"https:\/\/lordbcsr.com\/wp-content\/uploads\/2022\/03\/LordBCSR_REFFEN5.jpg\"><img loading=\"lazy\" decoding=\"async\" width=\"1024\" height=\"681\" data-id=\"1813\" src=\"https:\/\/lordbcsr.com\/wp-content\/uploads\/2022\/03\/LordBCSR_REFFEN5-1024x681.jpg\" alt=\"\" class=\"wp-image-1813\" srcset=\"https:\/\/lordbcsr.com\/wp-content\/uploads\/2022\/03\/LordBCSR_REFFEN5-1024x681.jpg 1024w, https:\/\/lordbcsr.com\/wp-content\/uploads\/2022\/03\/LordBCSR_REFFEN5-300x200.jpg 300w, https:\/\/lordbcsr.com\/wp-content\/uploads\/2022\/03\/LordBCSR_REFFEN5-768x511.jpg 768w, https:\/\/lordbcsr.com\/wp-content\/uploads\/2022\/03\/LordBCSR_REFFEN5-1536x1022.jpg 1536w, https:\/\/lordbcsr.com\/wp-content\/uploads\/2022\/03\/LordBCSR_REFFEN5.jpg 2048w\" sizes=\"auto, (max-width: 706px) 89vw, (max-width: 767px) 82vw, 740px\" \/><\/a><\/figure>\n\n\n\n<figure class=\"wp-block-image size-large\"><a href=\"https:\/\/lordbcsr.com\/wp-content\/uploads\/2022\/03\/40685025_2248533045381435_6143566532103372800_n-1.jpg\"><img loading=\"lazy\" decoding=\"async\" width=\"682\" height=\"1024\" data-id=\"1878\" src=\"https:\/\/lordbcsr.com\/wp-content\/uploads\/2022\/03\/40685025_2248533045381435_6143566532103372800_n-1-682x1024.jpg\" alt=\"\" class=\"wp-image-1878\" srcset=\"https:\/\/lordbcsr.com\/wp-content\/uploads\/2022\/03\/40685025_2248533045381435_6143566532103372800_n-1-682x1024.jpg 682w, https:\/\/lordbcsr.com\/wp-content\/uploads\/2022\/03\/40685025_2248533045381435_6143566532103372800_n-1-200x300.jpg 200w, https:\/\/lordbcsr.com\/wp-content\/uploads\/2022\/03\/40685025_2248533045381435_6143566532103372800_n-1-768x1154.jpg 768w, https:\/\/lordbcsr.com\/wp-content\/uploads\/2022\/03\/40685025_2248533045381435_6143566532103372800_n-1-1022x1536.jpg 1022w, https:\/\/lordbcsr.com\/wp-content\/uploads\/2022\/03\/40685025_2248533045381435_6143566532103372800_n-1.jpg 1178w\" sizes=\"auto, (max-width: 682px) 100vw, 682px\" \/><\/a><\/figure>\n\n\n\n<figure class=\"wp-block-image size-large\"><a href=\"https:\/\/lordbcsr.com\/wp-content\/uploads\/2022\/03\/LordBCSR_REFFEN1.jpg\"><img loading=\"lazy\" decoding=\"async\" width=\"1024\" height=\"681\" data-id=\"1809\" src=\"https:\/\/lordbcsr.com\/wp-content\/uploads\/2022\/03\/LordBCSR_REFFEN1-1024x681.jpg\" alt=\"\" class=\"wp-image-1809\" srcset=\"https:\/\/lordbcsr.com\/wp-content\/uploads\/2022\/03\/LordBCSR_REFFEN1-1024x681.jpg 1024w, https:\/\/lordbcsr.com\/wp-content\/uploads\/2022\/03\/LordBCSR_REFFEN1-300x200.jpg 300w, https:\/\/lordbcsr.com\/wp-content\/uploads\/2022\/03\/LordBCSR_REFFEN1-768x511.jpg 768w, https:\/\/lordbcsr.com\/wp-content\/uploads\/2022\/03\/LordBCSR_REFFEN1-1536x1022.jpg 1536w, https:\/\/lordbcsr.com\/wp-content\/uploads\/2022\/03\/LordBCSR_REFFEN1.jpg 2048w\" sizes=\"auto, (max-width: 706px) 89vw, (max-width: 767px) 82vw, 740px\" \/><\/a><\/figure>\n\n\n\n<figure class=\"wp-block-image size-large\"><a href=\"https:\/\/lordbcsr.com\/wp-content\/uploads\/2022\/03\/60951233_2406911266210278_3642995211837112320_n-1.jpg\"><img loading=\"lazy\" decoding=\"async\" width=\"1024\" height=\"682\" data-id=\"1879\" src=\"https:\/\/lordbcsr.com\/wp-content\/uploads\/2022\/03\/60951233_2406911266210278_3642995211837112320_n-1-1024x682.jpg\" alt=\"\" class=\"wp-image-1879\" srcset=\"https:\/\/lordbcsr.com\/wp-content\/uploads\/2022\/03\/60951233_2406911266210278_3642995211837112320_n-1-1024x682.jpg 1024w, https:\/\/lordbcsr.com\/wp-content\/uploads\/2022\/03\/60951233_2406911266210278_3642995211837112320_n-1-300x200.jpg 300w, https:\/\/lordbcsr.com\/wp-content\/uploads\/2022\/03\/60951233_2406911266210278_3642995211837112320_n-1-768x511.jpg 768w, https:\/\/lordbcsr.com\/wp-content\/uploads\/2022\/03\/60951233_2406911266210278_3642995211837112320_n-1-1536x1022.jpg 1536w, https:\/\/lordbcsr.com\/wp-content\/uploads\/2022\/03\/60951233_2406911266210278_3642995211837112320_n-1.jpg 1803w\" sizes=\"auto, (max-width: 706px) 89vw, (max-width: 767px) 82vw, 740px\" \/><\/a><\/figure>\n\n\n\n<figure class=\"wp-block-image size-large\"><a href=\"https:\/\/lordbcsr.com\/wp-content\/uploads\/2022\/03\/38065510_2215898641978209_2814925903715368960_n-1.jpg\"><img loading=\"lazy\" decoding=\"async\" width=\"681\" height=\"1024\" data-id=\"1875\" src=\"https:\/\/lordbcsr.com\/wp-content\/uploads\/2022\/03\/38065510_2215898641978209_2814925903715368960_n-1-681x1024.jpg\" alt=\"\" class=\"wp-image-1875\" srcset=\"https:\/\/lordbcsr.com\/wp-content\/uploads\/2022\/03\/38065510_2215898641978209_2814925903715368960_n-1-681x1024.jpg 681w, https:\/\/lordbcsr.com\/wp-content\/uploads\/2022\/03\/38065510_2215898641978209_2814925903715368960_n-1-200x300.jpg 200w, https:\/\/lordbcsr.com\/wp-content\/uploads\/2022\/03\/38065510_2215898641978209_2814925903715368960_n-1-768x1155.jpg 768w, https:\/\/lordbcsr.com\/wp-content\/uploads\/2022\/03\/38065510_2215898641978209_2814925903715368960_n-1.jpg 798w\" sizes=\"auto, (max-width: 681px) 100vw, 681px\" \/><\/a><\/figure>\n\n\n\n<figure class=\"wp-block-image size-large\"><a href=\"https:\/\/lordbcsr.com\/wp-content\/uploads\/2022\/03\/40624298_2248533068714766_674328475565293568_n-1.jpg\"><img loading=\"lazy\" decoding=\"async\" width=\"682\" height=\"1024\" data-id=\"1877\" src=\"https:\/\/lordbcsr.com\/wp-content\/uploads\/2022\/03\/40624298_2248533068714766_674328475565293568_n-1-682x1024.jpg\" alt=\"\" class=\"wp-image-1877\" srcset=\"https:\/\/lordbcsr.com\/wp-content\/uploads\/2022\/03\/40624298_2248533068714766_674328475565293568_n-1-682x1024.jpg 682w, https:\/\/lordbcsr.com\/wp-content\/uploads\/2022\/03\/40624298_2248533068714766_674328475565293568_n-1-200x300.jpg 200w, https:\/\/lordbcsr.com\/wp-content\/uploads\/2022\/03\/40624298_2248533068714766_674328475565293568_n-1-768x1154.jpg 768w, https:\/\/lordbcsr.com\/wp-content\/uploads\/2022\/03\/40624298_2248533068714766_674328475565293568_n-1-1022x1536.jpg 1022w, https:\/\/lordbcsr.com\/wp-content\/uploads\/2022\/03\/40624298_2248533068714766_674328475565293568_n-1.jpg 1178w\" sizes=\"auto, (max-width: 682px) 100vw, 682px\" \/><\/a><\/figure>\n\n\n\n<figure class=\"wp-block-image size-large\"><a href=\"https:\/\/lordbcsr.com\/wp-content\/uploads\/2022\/03\/38072168_2215898008644939_7262661144869863424_n-1.jpg\"><img loading=\"lazy\" decoding=\"async\" width=\"819\" height=\"1024\" data-id=\"1876\" src=\"https:\/\/lordbcsr.com\/wp-content\/uploads\/2022\/03\/38072168_2215898008644939_7262661144869863424_n-1-819x1024.jpg\" alt=\"\" class=\"wp-image-1876\" srcset=\"https:\/\/lordbcsr.com\/wp-content\/uploads\/2022\/03\/38072168_2215898008644939_7262661144869863424_n-1-819x1024.jpg 819w, https:\/\/lordbcsr.com\/wp-content\/uploads\/2022\/03\/38072168_2215898008644939_7262661144869863424_n-1-240x300.jpg 240w, https:\/\/lordbcsr.com\/wp-content\/uploads\/2022\/03\/38072168_2215898008644939_7262661144869863424_n-1-768x960.jpg 768w, https:\/\/lordbcsr.com\/wp-content\/uploads\/2022\/03\/38072168_2215898008644939_7262661144869863424_n-1.jpg 1080w\" sizes=\"auto, (max-width: 706px) 89vw, (max-width: 767px) 82vw, 740px\" \/><\/a><\/figure>\n\n\n\n<figure class=\"wp-block-image size-large\"><a href=\"https:\/\/lordbcsr.com\/wp-content\/uploads\/2022\/03\/36333869_2183515685216505_5392910350179893248_n.jpg\"><img loading=\"lazy\" decoding=\"async\" width=\"1024\" height=\"682\" data-id=\"1888\" src=\"https:\/\/lordbcsr.com\/wp-content\/uploads\/2022\/03\/36333869_2183515685216505_5392910350179893248_n-1024x682.jpg\" alt=\"\" class=\"wp-image-1888\" srcset=\"https:\/\/lordbcsr.com\/wp-content\/uploads\/2022\/03\/36333869_2183515685216505_5392910350179893248_n-1024x682.jpg 1024w, https:\/\/lordbcsr.com\/wp-content\/uploads\/2022\/03\/36333869_2183515685216505_5392910350179893248_n-300x200.jpg 300w, https:\/\/lordbcsr.com\/wp-content\/uploads\/2022\/03\/36333869_2183515685216505_5392910350179893248_n-768x511.jpg 768w, https:\/\/lordbcsr.com\/wp-content\/uploads\/2022\/03\/36333869_2183515685216505_5392910350179893248_n-1536x1022.jpg 1536w, https:\/\/lordbcsr.com\/wp-content\/uploads\/2022\/03\/36333869_2183515685216505_5392910350179893248_n.jpg 1803w\" sizes=\"auto, (max-width: 706px) 89vw, (max-width: 767px) 82vw, 740px\" \/><\/a><\/figure>\n\n\n\n<figure class=\"wp-block-image size-large\"><a href=\"https:\/\/lordbcsr.com\/wp-content\/uploads\/2022\/03\/36345299_2183520435216030_7019899963983265792_n-2.jpg\"><img loading=\"lazy\" decoding=\"async\" width=\"1024\" height=\"682\" data-id=\"1880\" src=\"https:\/\/lordbcsr.com\/wp-content\/uploads\/2022\/03\/36345299_2183520435216030_7019899963983265792_n-2-1024x682.jpg\" alt=\"\" class=\"wp-image-1880\" srcset=\"https:\/\/lordbcsr.com\/wp-content\/uploads\/2022\/03\/36345299_2183520435216030_7019899963983265792_n-2-1024x682.jpg 1024w, https:\/\/lordbcsr.com\/wp-content\/uploads\/2022\/03\/36345299_2183520435216030_7019899963983265792_n-2-300x200.jpg 300w, https:\/\/lordbcsr.com\/wp-content\/uploads\/2022\/03\/36345299_2183520435216030_7019899963983265792_n-2-768x511.jpg 768w, https:\/\/lordbcsr.com\/wp-content\/uploads\/2022\/03\/36345299_2183520435216030_7019899963983265792_n-2-1536x1022.jpg 1536w, https:\/\/lordbcsr.com\/wp-content\/uploads\/2022\/03\/36345299_2183520435216030_7019899963983265792_n-2.jpg 1803w\" sizes=\"auto, (max-width: 706px) 89vw, (max-width: 767px) 82vw, 740px\" \/><\/a><\/figure>\n<\/figure>\n<\/div><\/div>\n","protected":false},"excerpt":{"rendered":"<p>En sv\u00e6r n\u00f8d at kn\u00e6kke Milj\u00f8et er truet og klimaforandringerne synes klart at v\u00e6re begyndt at vise t\u00e6nder. I det lys afholder brandet A Denim Project (ADP) en klima-weekend den 1.-2. september 2018, hvor der bliver sat fokus p\u00e5 de mange udfordringer vi m\u00f8der via truslerne p\u00e5 milj\u00f8- og klimafronten. Aktiviteterne foreg\u00e5r p\u00e5 REFFEN &#8211; &hellip; <\/p>\n<p class=\"link-more\"><a href=\"https:\/\/lordbcsr.com\/?page_id=1806\" class=\"more-link\">Continue reading<span class=\"screen-reader-text\"> &#8220;PRESSEMEDDELELSE 31. AUGUST 2018&#8221;<\/span><\/a><\/p>\n","protected":false},"author":1,"featured_media":0,"parent":0,"menu_order":0,"comment_status":"closed","ping_status":"closed","template":"","meta":{"footnotes":""},"class_list":["post-1806","page","type-page","status-publish","hentry"],"_links":{"self":[{"href":"https:\/\/lordbcsr.com\/index.php?rest_route=\/wp\/v2\/pages\/1806","targetHints":{"allow":["GET"]}}],"collection":[{"href":"https:\/\/lordbcsr.com\/index.php?rest_route=\/wp\/v2\/pages"}],"about":[{"href":"https:\/\/lordbcsr.com\/index.php?rest_route=\/wp\/v2\/types\/page"}],"author":[{"embeddable":true,"href":"https:\/\/lordbcsr.com\/index.php?rest_route=\/wp\/v2\/users\/1"}],"replies":[{"embeddable":true,"href":"https:\/\/lordbcsr.com\/index.php?rest_route=%2Fwp%2Fv2%2Fcomments&post=1806"}],"version-history":[{"count":32,"href":"https:\/\/lordbcsr.com\/index.php?rest_route=\/wp\/v2\/pages\/1806\/revisions"}],"predecessor-version":[{"id":2246,"href":"https:\/\/lordbcsr.com\/index.php?rest_route=\/wp\/v2\/pages\/1806\/revisions\/2246"}],"wp:attachment":[{"href":"https:\/\/lordbcsr.com\/index.php?rest_route=%2Fwp%2Fv2%2Fmedia&parent=1806"}],"curies":[{"name":"wp","href":"https:\/\/api.w.org\/{rel}","templated":true}]}}