{"id":1789,"date":"2022-03-16T12:05:16","date_gmt":"2022-03-16T12:05:16","guid":{"rendered":"https:\/\/lordbcsr.com\/?page_id=1789"},"modified":"2022-03-16T14:50:49","modified_gmt":"2022-03-16T14:50:49","slug":"pressemeddelelse-16-februar-2018","status":"publish","type":"page","link":"https:\/\/lordbcsr.com\/?page_id=1789","title":{"rendered":"PRESSEMEDDELELSE  16. FEBRUAR 2018"},"content":{"rendered":"\n<h1 class=\"wp-block-heading\"><strong>En rappende fugl p\u00e5 radaren<\/strong><\/h1>\n\n\n\n<h3 class=\"wp-block-heading\"><strong>P\u00e5 l\u00f8rdag den 17. februar kan du for f\u00f8rste gang nogensinde opleve en papeg\u00f8je rappe p\u00e5 scenen. Lord B er navnet p\u00e5 den nu afd\u00f8de papeg\u00f8je, som p\u00e5 l\u00f8rdag medvirker i det visuelle multikoncept \u201cThe forever begin show\u201d p\u00e5 Radar i Aarhus.<\/strong><\/h3>\n\n\n\n<figure class=\"wp-block-gallery columns-3 is-cropped wp-block-gallery-1 is-layout-flex wp-block-gallery-is-layout-flex\"><ul class=\"blocks-gallery-grid\"><li class=\"blocks-gallery-item\"><figure><a href=\"https:\/\/lordbcsr.com\/wp-content\/uploads\/2022\/03\/LordBCSR_Radar1-scaled.jpg\"><img loading=\"lazy\" decoding=\"async\" width=\"1024\" height=\"433\" src=\"https:\/\/lordbcsr.com\/wp-content\/uploads\/2022\/03\/LordBCSR_Radar1-1024x433.jpg\" alt=\"\" data-id=\"1792\" data-full-url=\"https:\/\/lordbcsr.com\/wp-content\/uploads\/2022\/03\/LordBCSR_Radar1-scaled.jpg\" data-link=\"https:\/\/lordbcsr.com\/?attachment_id=1792\" class=\"wp-image-1792\" srcset=\"https:\/\/lordbcsr.com\/wp-content\/uploads\/2022\/03\/LordBCSR_Radar1-1024x433.jpg 1024w, https:\/\/lordbcsr.com\/wp-content\/uploads\/2022\/03\/LordBCSR_Radar1-300x127.jpg 300w, https:\/\/lordbcsr.com\/wp-content\/uploads\/2022\/03\/LordBCSR_Radar1-768x325.jpg 768w, https:\/\/lordbcsr.com\/wp-content\/uploads\/2022\/03\/LordBCSR_Radar1-1536x650.jpg 1536w, https:\/\/lordbcsr.com\/wp-content\/uploads\/2022\/03\/LordBCSR_Radar1-2048x867.jpg 2048w\" sizes=\"auto, (max-width: 706px) 89vw, (max-width: 767px) 82vw, 740px\" \/><\/a><\/figure><\/li><li class=\"blocks-gallery-item\"><figure><a href=\"https:\/\/lordbcsr.com\/wp-content\/uploads\/2022\/03\/LordBCSR_Radar2.jpg\"><img loading=\"lazy\" decoding=\"async\" width=\"1024\" height=\"682\" src=\"https:\/\/lordbcsr.com\/wp-content\/uploads\/2022\/03\/LordBCSR_Radar2-1024x682.jpg\" alt=\"\" data-id=\"1793\" data-full-url=\"https:\/\/lordbcsr.com\/wp-content\/uploads\/2022\/03\/LordBCSR_Radar2.jpg\" data-link=\"https:\/\/lordbcsr.com\/?attachment_id=1793\" class=\"wp-image-1793\" srcset=\"https:\/\/lordbcsr.com\/wp-content\/uploads\/2022\/03\/LordBCSR_Radar2-1024x682.jpg 1024w, https:\/\/lordbcsr.com\/wp-content\/uploads\/2022\/03\/LordBCSR_Radar2-300x200.jpg 300w, https:\/\/lordbcsr.com\/wp-content\/uploads\/2022\/03\/LordBCSR_Radar2-768x511.jpg 768w, https:\/\/lordbcsr.com\/wp-content\/uploads\/2022\/03\/LordBCSR_Radar2-1536x1022.jpg 1536w, https:\/\/lordbcsr.com\/wp-content\/uploads\/2022\/03\/LordBCSR_Radar2.jpg 1803w\" sizes=\"auto, (max-width: 706px) 89vw, (max-width: 767px) 82vw, 740px\" \/><\/a><\/figure><\/li><li class=\"blocks-gallery-item\"><figure><a href=\"https:\/\/lordbcsr.com\/wp-content\/uploads\/2022\/03\/LordBCSR_Radar3.jpg\"><img loading=\"lazy\" decoding=\"async\" width=\"1024\" height=\"681\" src=\"https:\/\/lordbcsr.com\/wp-content\/uploads\/2022\/03\/LordBCSR_Radar3-1024x681.jpg\" alt=\"\" data-id=\"1794\" data-full-url=\"https:\/\/lordbcsr.com\/wp-content\/uploads\/2022\/03\/LordBCSR_Radar3.jpg\" data-link=\"https:\/\/lordbcsr.com\/?attachment_id=1794\" class=\"wp-image-1794\" srcset=\"https:\/\/lordbcsr.com\/wp-content\/uploads\/2022\/03\/LordBCSR_Radar3-1024x681.jpg 1024w, https:\/\/lordbcsr.com\/wp-content\/uploads\/2022\/03\/LordBCSR_Radar3-300x200.jpg 300w, https:\/\/lordbcsr.com\/wp-content\/uploads\/2022\/03\/LordBCSR_Radar3-768x511.jpg 768w, https:\/\/lordbcsr.com\/wp-content\/uploads\/2022\/03\/LordBCSR_Radar3-1536x1022.jpg 1536w, https:\/\/lordbcsr.com\/wp-content\/uploads\/2022\/03\/LordBCSR_Radar3.jpg 1804w\" sizes=\"auto, (max-width: 706px) 89vw, (max-width: 767px) 82vw, 740px\" \/><\/a><\/figure><\/li><li class=\"blocks-gallery-item\"><figure><a href=\"https:\/\/lordbcsr.com\/wp-content\/uploads\/2022\/03\/LordBCSR_Radar4.jpg\"><img loading=\"lazy\" decoding=\"async\" width=\"1024\" height=\"682\" src=\"https:\/\/lordbcsr.com\/wp-content\/uploads\/2022\/03\/LordBCSR_Radar4-1024x682.jpg\" alt=\"\" data-id=\"1795\" data-full-url=\"https:\/\/lordbcsr.com\/wp-content\/uploads\/2022\/03\/LordBCSR_Radar4.jpg\" data-link=\"https:\/\/lordbcsr.com\/?attachment_id=1795\" class=\"wp-image-1795\" srcset=\"https:\/\/lordbcsr.com\/wp-content\/uploads\/2022\/03\/LordBCSR_Radar4-1024x682.jpg 1024w, https:\/\/lordbcsr.com\/wp-content\/uploads\/2022\/03\/LordBCSR_Radar4-300x200.jpg 300w, https:\/\/lordbcsr.com\/wp-content\/uploads\/2022\/03\/LordBCSR_Radar4-768x511.jpg 768w, https:\/\/lordbcsr.com\/wp-content\/uploads\/2022\/03\/LordBCSR_Radar4-1536x1022.jpg 1536w, https:\/\/lordbcsr.com\/wp-content\/uploads\/2022\/03\/LordBCSR_Radar4.jpg 1803w\" sizes=\"auto, (max-width: 706px) 89vw, (max-width: 767px) 82vw, 740px\" \/><\/a><\/figure><\/li><li class=\"blocks-gallery-item\"><figure><a href=\"https:\/\/lordbcsr.com\/wp-content\/uploads\/2022\/03\/LordBCSR_Radar5.jpg\"><img loading=\"lazy\" decoding=\"async\" width=\"1024\" height=\"682\" src=\"https:\/\/lordbcsr.com\/wp-content\/uploads\/2022\/03\/LordBCSR_Radar5-1024x682.jpg\" alt=\"\" data-id=\"1796\" data-full-url=\"https:\/\/lordbcsr.com\/wp-content\/uploads\/2022\/03\/LordBCSR_Radar5.jpg\" data-link=\"https:\/\/lordbcsr.com\/?attachment_id=1796\" class=\"wp-image-1796\" srcset=\"https:\/\/lordbcsr.com\/wp-content\/uploads\/2022\/03\/LordBCSR_Radar5-1024x682.jpg 1024w, https:\/\/lordbcsr.com\/wp-content\/uploads\/2022\/03\/LordBCSR_Radar5-300x200.jpg 300w, https:\/\/lordbcsr.com\/wp-content\/uploads\/2022\/03\/LordBCSR_Radar5-768x511.jpg 768w, https:\/\/lordbcsr.com\/wp-content\/uploads\/2022\/03\/LordBCSR_Radar5-1536x1022.jpg 1536w, https:\/\/lordbcsr.com\/wp-content\/uploads\/2022\/03\/LordBCSR_Radar5.jpg 1803w\" sizes=\"auto, (max-width: 706px) 89vw, (max-width: 767px) 82vw, 740px\" \/><\/a><\/figure><\/li><li class=\"blocks-gallery-item\"><figure><a href=\"https:\/\/lordbcsr.com\/wp-content\/uploads\/2022\/03\/LordBCSR_Radar6.jpg\"><img loading=\"lazy\" decoding=\"async\" width=\"1024\" height=\"682\" src=\"https:\/\/lordbcsr.com\/wp-content\/uploads\/2022\/03\/LordBCSR_Radar6-1024x682.jpg\" alt=\"\" data-id=\"1797\" data-full-url=\"https:\/\/lordbcsr.com\/wp-content\/uploads\/2022\/03\/LordBCSR_Radar6.jpg\" data-link=\"https:\/\/lordbcsr.com\/?attachment_id=1797\" class=\"wp-image-1797\" srcset=\"https:\/\/lordbcsr.com\/wp-content\/uploads\/2022\/03\/LordBCSR_Radar6-1024x682.jpg 1024w, https:\/\/lordbcsr.com\/wp-content\/uploads\/2022\/03\/LordBCSR_Radar6-300x200.jpg 300w, https:\/\/lordbcsr.com\/wp-content\/uploads\/2022\/03\/LordBCSR_Radar6-768x511.jpg 768w, https:\/\/lordbcsr.com\/wp-content\/uploads\/2022\/03\/LordBCSR_Radar6-1536x1022.jpg 1536w, https:\/\/lordbcsr.com\/wp-content\/uploads\/2022\/03\/LordBCSR_Radar6.jpg 1803w\" sizes=\"auto, (max-width: 706px) 89vw, (max-width: 767px) 82vw, 740px\" \/><\/a><\/figure><\/li><\/ul><\/figure>\n\n\n\n<p>Lord B Planet Rescue er en milj\u00f8organisation med hjemsted i \u00c5rhus. De arbejder p\u00e5 at designe en bedre fremtid for alle. Med hj\u00e6lp fra Lord B, den tidligere en \u00e6gte levende <a href=\"http:\/\/www.iucnredlist.org\/details\/22686342\/0\">Amazona auropalliata<\/a> papeg\u00f8je, arbejder organisationen med at \u00f8ge bevidstheden om gr\u00f8nne udfordringer i samfundet og p\u00e5 jorden.<\/p>\n\n\n\n<p class=\"has-text-align-left\">Den Aarhusianske NGO g\u00e5r l\u00f8rdag aften underground sammen med de medvirkende kunstnere i det eksperimentelle multikoncept der har mange sp\u00e6ndende oplevelser p\u00e5 programmet. Kom og se hvordan det entusiastiske team bag <em>The forever begin show<\/em> fortolker l\u00f8rdag aftens tema&nbsp; \u2014 Brendan Kennellys poesi om de aldrig sluttende begyndelser:<br><em><br>&#8216;<strong>&#8216;Though we live in a world that dreams of ending that always seems about to give in<br>something that will not acknowledge conclusion insists that we&nbsp;forever begin&#8221;<\/strong><\/em> &nbsp;&nbsp;&nbsp; &nbsp;&nbsp;&nbsp; &nbsp;&nbsp;&nbsp; &nbsp;&nbsp;&nbsp; &nbsp;&nbsp;&nbsp; &nbsp;&nbsp;&nbsp; &nbsp;&nbsp;&nbsp; &nbsp;&nbsp; &nbsp;&nbsp; &nbsp;&nbsp; &nbsp;&nbsp; &nbsp;&nbsp; &nbsp;&nbsp; &nbsp;&nbsp; &nbsp;&nbsp; &nbsp;&nbsp; &nbsp;&nbsp; &nbsp;&nbsp; &nbsp;&nbsp; &nbsp;&nbsp; &nbsp;&nbsp; &nbsp;&nbsp; &nbsp;&nbsp; &nbsp;&nbsp; &nbsp;&nbsp;                                             <\/p>\n\n\n\n<p>Den rappende og musikelskende papeg\u00f8je Lord B er desv\u00e6rre ikke l\u00e6ngere i blandt os, men som en reminder p\u00e5 at vi mennesker kun har vores naturarv til l\u00e5ns &#8211; vil der under showet blive projekteret autentiske live videoer med den syngende og rappende fugl p\u00e5 storsk\u00e6rm. <br><\/p>\n\n\n\n<p>Event detaljer: <a href=\"https:\/\/www.facebook.com\/events\/123911028409622\/\">facebook.com\/events\/123911028409622\/<\/a><\/p>\n\n\n\n<p>Tid: 17.2.2018 &#8211; Kl 20.00<br>Sted: RADAR, Skovg\u00e5rdsgade 3, Godsbanen, 8000 Aarhus<br><br>Lord B Planet Rescue on SOUNDCLOUD <\/p>\n\n\n\n<figure class=\"wp-block-embed is-type-rich is-provider-soundcloud wp-block-embed-soundcloud\"><div class=\"wp-block-embed__wrapper\">\n<iframe loading=\"lazy\" title=\"WHO IS LORD B? by Lord B Records\" width=\"525\" height=\"400\" scrolling=\"no\" frameborder=\"no\" src=\"https:\/\/w.soundcloud.com\/player\/?visual=true&#038;url=https%3A%2F%2Fapi.soundcloud.com%2Ftracks%2F1232143030&#038;show_artwork=true&#038;maxheight=788&#038;maxwidth=525\"><\/iframe>\n<\/div><\/figure>\n","protected":false},"excerpt":{"rendered":"<p>En rappende fugl p\u00e5 radaren P\u00e5 l\u00f8rdag den 17. februar kan du for f\u00f8rste gang nogensinde opleve en papeg\u00f8je rappe p\u00e5 scenen. Lord B er navnet p\u00e5 den nu afd\u00f8de papeg\u00f8je, som p\u00e5 l\u00f8rdag medvirker i det visuelle multikoncept \u201cThe forever begin show\u201d p\u00e5 Radar i Aarhus. Lord B Planet Rescue er en milj\u00f8organisation med &hellip; <\/p>\n<p class=\"link-more\"><a href=\"https:\/\/lordbcsr.com\/?page_id=1789\" class=\"more-link\">Continue reading<span class=\"screen-reader-text\"> &#8220;PRESSEMEDDELELSE  16. FEBRUAR 2018&#8221;<\/span><\/a><\/p>\n","protected":false},"author":1,"featured_media":0,"parent":0,"menu_order":0,"comment_status":"closed","ping_status":"closed","template":"","meta":{"footnotes":""},"class_list":["post-1789","page","type-page","status-publish","hentry"],"_links":{"self":[{"href":"https:\/\/lordbcsr.com\/index.php?rest_route=\/wp\/v2\/pages\/1789","targetHints":{"allow":["GET"]}}],"collection":[{"href":"https:\/\/lordbcsr.com\/index.php?rest_route=\/wp\/v2\/pages"}],"about":[{"href":"https:\/\/lordbcsr.com\/index.php?rest_route=\/wp\/v2\/types\/page"}],"author":[{"embeddable":true,"href":"https:\/\/lordbcsr.com\/index.php?rest_route=\/wp\/v2\/users\/1"}],"replies":[{"embeddable":true,"href":"https:\/\/lordbcsr.com\/index.php?rest_route=%2Fwp%2Fv2%2Fcomments&post=1789"}],"version-history":[{"count":15,"href":"https:\/\/lordbcsr.com\/index.php?rest_route=\/wp\/v2\/pages\/1789\/revisions"}],"predecessor-version":[{"id":1837,"href":"https:\/\/lordbcsr.com\/index.php?rest_route=\/wp\/v2\/pages\/1789\/revisions\/1837"}],"wp:attachment":[{"href":"https:\/\/lordbcsr.com\/index.php?rest_route=%2Fwp%2Fv2%2Fmedia&parent=1789"}],"curies":[{"name":"wp","href":"https:\/\/api.w.org\/{rel}","templated":true}]}}